{"id":1247,"date":"2026-02-26T12:01:32","date_gmt":"2026-02-26T12:01:32","guid":{"rendered":"https:\/\/solopub.fr\/?page_id=1247"},"modified":"2026-02-26T12:19:55","modified_gmt":"2026-02-26T12:19:55","slug":"markage-uv","status":"publish","type":"page","link":"https:\/\/solopub.fr\/index.php\/markage-uv\/","title":{"rendered":"MARQUAGE UV"},"content":{"rendered":"\n<div class=\"wp-block-group has-global-padding is-layout-constrained wp-block-group-is-layout-constrained\">\n<div class=\"wp-block-columns is-layout-flex wp-container-core-columns-is-layout-28f84493 wp-block-columns-is-layout-flex\">\n<div class=\"wp-block-column is-vertically-aligned-center is-layout-flow wp-block-column-is-layout-flow\">\n<div class=\"wp-block-essential-blocks-advanced-heading  root-eb-advance-heading-tp0xb\"><div class=\"eb-parent-wrapper eb-parent-eb-advance-heading-tp0xb \"><div class=\"eb-advance-heading-wrapper eb-advance-heading-tp0xb button-1 undefined\" data-id=\"eb-advance-heading-tp0xb\"><h2 class=\"eb-ah-title\"><span class=\"first-title\"><strong>FAITES BRILLER VOTRE BUSINESS<\/strong><\/span><\/h2><\/div><\/div><\/div>\n<\/div>\n\n\n\n<div class=\"wp-block-column is-style-section-2 is-layout-flow wp-block-column-is-layout-flow is-style-section-2--1\" style=\"flex-basis:1px\"><\/div>\n\n\n\n<div class=\"wp-block-column is-vertically-aligned-center is-layout-flow wp-block-column-is-layout-flow\">\n<div class=\"wp-block-essential-blocks-text  root-eb-text-x5t4y\"><div class=\"eb-parent-wrapper eb-parent-eb-text-x5t4y \"><div class=\"eb-text-wrapper eb-text-x5t4y\" data-id=\"eb-text-x5t4y\"><p class=\"eb-text\"><strong>Qualit\u00e9 \u2022 Brillance \u2022 Durabilit\u00e9<br><\/strong>Donnez du caract\u00e8re \u00e0 votre communication avec une finition moderne et durable.<br>Le marquage UV garantit impact visuel, pr\u00e9cision et r\u00e9sistance dans le temps.<\/p><\/div><\/div><\/div>\n<\/div>\n<\/div>\n\n\n\n<div class=\"wp-block-essential-blocks-button  root-eb-button-9716i\"><div class=\"eb-parent-wrapper eb-parent-eb-button-9716i \"><div class=\"eb-button-wrapper eb-button-alignment eb-button-9716i\"><div class=\"eb-button\"><div class=\"eb-button-inner-wrapper \"><a class=\"eb-button-anchor hvr-sweep-to-left  \" href=\"https:\/\/solopub.fr\/index.php\/contactez-nous\/\" rel=\"noopener\">Contactez SOLOPUB maintenant !<\/a><\/div><\/div><\/div><\/div><\/div>\n<\/div>\n\n\n","protected":false},"excerpt":{"rendered":"","protected":false},"author":1,"featured_media":0,"parent":0,"menu_order":0,"comment_status":"closed","ping_status":"closed","template":"","meta":{"_eb_attr":"","footnotes":""},"class_list":["post-1247","page","type-page","status-publish","hentry"],"_links":{"self":[{"href":"https:\/\/solopub.fr\/index.php\/wp-json\/wp\/v2\/pages\/1247","targetHints":{"allow":["GET"]}}],"collection":[{"href":"https:\/\/solopub.fr\/index.php\/wp-json\/wp\/v2\/pages"}],"about":[{"href":"https:\/\/solopub.fr\/index.php\/wp-json\/wp\/v2\/types\/page"}],"author":[{"embeddable":true,"href":"https:\/\/solopub.fr\/index.php\/wp-json\/wp\/v2\/users\/1"}],"replies":[{"embeddable":true,"href":"https:\/\/solopub.fr\/index.php\/wp-json\/wp\/v2\/comments?post=1247"}],"version-history":[{"count":4,"href":"https:\/\/solopub.fr\/index.php\/wp-json\/wp\/v2\/pages\/1247\/revisions"}],"predecessor-version":[{"id":1274,"href":"https:\/\/solopub.fr\/index.php\/wp-json\/wp\/v2\/pages\/1247\/revisions\/1274"}],"wp:attachment":[{"href":"https:\/\/solopub.fr\/index.php\/wp-json\/wp\/v2\/media?parent=1247"}],"curies":[{"name":"wp","href":"https:\/\/api.w.org\/{rel}","templated":true}]}}