{"id":2,"date":"2026-01-27T18:10:21","date_gmt":"2026-01-27T18:10:21","guid":{"rendered":"http:\/\/solopub.fr\/?page_id=2"},"modified":"2026-03-17T11:27:06","modified_gmt":"2026-03-17T11:27:06","slug":"impression-sur-papier-2","status":"publish","type":"page","link":"https:\/\/solopub.fr\/index.php\/impression-sur-papier-2\/","title":{"rendered":"Impression OFFET"},"content":{"rendered":"\n<div class=\"wp-block-columns is-layout-flex wp-container-core-columns-is-layout-5c8fb865 wp-block-columns-is-layout-flex\">\n<div class=\"wp-block-column is-vertically-aligned-center is-layout-flow wp-block-column-is-layout-flow\">\n<div class=\"wp-block-essential-blocks-advanced-heading  root-eb-advance-heading-k24kl\"><div class=\"eb-parent-wrapper eb-parent-eb-advance-heading-k24kl \"><div class=\"eb-advance-heading-wrapper eb-advance-heading-k24kl button-1 undefined\" data-id=\"eb-advance-heading-k24kl\"><h2 class=\"eb-ah-title\"><span class=\"first-title\"><strong>Impression sur Papier Professionnelle<\/strong><\/span><\/h2><\/div><\/div><\/div>\n<\/div>\n\n\n\n<div class=\"wp-block-column is-style-section-2 is-layout-flow wp-block-column-is-layout-flow is-style-section-2--1\" style=\"flex-basis:1px\"><\/div>\n\n\n\n<div class=\"wp-block-column is-vertically-aligned-center is-layout-flow wp-block-column-is-layout-flow\">\n<div class=\"wp-block-essential-blocks-text  root-eb-text-rcpn2\"><div class=\"eb-parent-wrapper eb-parent-eb-text-rcpn2 \"><div class=\"eb-text-wrapper eb-text-rcpn2\" data-id=\"eb-text-rcpn2\"><p class=\"eb-text\">\u00ab Nous concevons et r\u00e9alisons l\u2019ensemble de vos supports imprim\u00e9s avec une exigence de qualit\u00e9 irr\u00e9prochable : cartes de visite, flyers, brochures, affiches et d\u00e9pliants. Gr\u00e2ce \u00e0 une impression haute pr\u00e9cision, des couleurs fid\u00e8les et des finitions soign\u00e9es, nous vous garantissons un rendu professionnel qui valorise votre image et renforce l\u2019impact de votre communication. \u00bb<\/p><\/div><\/div><\/div>\n<\/div>\n<\/div>\n\n\n\n<div class=\"wp-block-essential-blocks-button  root-eb-button-s59hd\"><div class=\"eb-parent-wrapper eb-parent-eb-button-s59hd \"><div class=\"eb-button-wrapper eb-button-alignment eb-button-s59hd\"><div class=\"eb-button\"><div class=\"eb-button-inner-wrapper \"><a class=\"eb-button-anchor hvr-sweep-to-left  \" href=\"https:\/\/solopub.fr\/index.php\/contactez-nous\/\" rel=\"noopener\"><strong>Demandez votre devis<\/strong> !<\/a><\/div><\/div><\/div><\/div><\/div>\n\n\n\n<hr class=\"wp-block-separator has-alpha-channel-opacity is-style-wide\"\/>\n\n\n\n<h2 class=\"wp-block-heading has-text-align-center\"><strong>nos r\u00e9alistaion<\/strong><\/h2>\n\n\n\n<div style=\"height:21px\" aria-hidden=\"true\" class=\"wp-block-spacer\"><\/div>\n\n\n<div class=\"kb-gallery-wrap-id-2_d51da8-d8 alignnone wp-block-kadence-advancedgallery\"><ul class=\"kb-gallery-ul kb-gallery-non-static kb-gallery-type-grid kb-gallery-id-2_d51da8-d8 kb-gallery-caption-style-bottom-hover kb-gallery-filter-none\" data-image-filter=\"none\" data-item-selector=\".kadence-blocks-gallery-item\" data-lightbox-caption=\"true\" data-columns-xxl=\"3\" data-columns-xl=\"3\" data-columns-md=\"3\" data-columns-sm=\"2\" data-columns-xs=\"2\" data-columns-ss=\"2\"><li class=\"kadence-blocks-gallery-item\" tabindex=\"0\"><div class=\"kadence-blocks-gallery-item-inner\"><figure class=\"kb-gallery-figure kadence-blocks-gallery-item-hide-caption\"><div class=\"kb-gal-image-radius\"><div class=\"kb-gallery-image-contain kadence-blocks-gallery-intrinsic kb-gallery-image-ratio-land32 kb-has-image-ratio-land32\" ><img loading=\"lazy\" decoding=\"async\" src=\"https:\/\/solopub.fr\/wp-content\/uploads\/2026\/03\/IMG_9964-768x1024.jpg\" width=\"768\" height=\"1024\" alt=\"\" data-full-image=\"https:\/\/solopub.fr\/wp-content\/uploads\/2026\/03\/IMG_9964-scaled.jpg\" data-light-image=\"https:\/\/solopub.fr\/wp-content\/uploads\/2026\/03\/IMG_9964-scaled.jpg\" data-id=\"1298\" class=\"wp-image-1298\" srcset=\"https:\/\/solopub.fr\/wp-content\/uploads\/2026\/03\/IMG_9964-768x1024.jpg 768w, https:\/\/solopub.fr\/wp-content\/uploads\/2026\/03\/IMG_9964-225x300.jpg 225w, https:\/\/solopub.fr\/wp-content\/uploads\/2026\/03\/IMG_9964-1152x1536.jpg 1152w, https:\/\/solopub.fr\/wp-content\/uploads\/2026\/03\/IMG_9964-1536x2048.jpg 1536w, https:\/\/solopub.fr\/wp-content\/uploads\/2026\/03\/IMG_9964-scaled.jpg 1920w\" sizes=\"auto, (max-width: 768px) 100vw, 768px\" \/><\/div><\/div><\/figure><\/div><\/li><li class=\"kadence-blocks-gallery-item\" tabindex=\"0\"><div class=\"kadence-blocks-gallery-item-inner\"><figure class=\"kb-gallery-figure kadence-blocks-gallery-item-hide-caption\"><div class=\"kb-gal-image-radius\"><div class=\"kb-gallery-image-contain kadence-blocks-gallery-intrinsic kb-gallery-image-ratio-land32 kb-has-image-ratio-land32\" ><img loading=\"lazy\" decoding=\"async\" src=\"https:\/\/solopub.fr\/wp-content\/uploads\/2026\/03\/IMG_9965-768x1024.jpg\" width=\"768\" height=\"1024\" alt=\"\" data-full-image=\"https:\/\/solopub.fr\/wp-content\/uploads\/2026\/03\/IMG_9965-scaled.jpg\" data-light-image=\"https:\/\/solopub.fr\/wp-content\/uploads\/2026\/03\/IMG_9965-scaled.jpg\" data-id=\"1297\" class=\"wp-image-1297\" srcset=\"https:\/\/solopub.fr\/wp-content\/uploads\/2026\/03\/IMG_9965-768x1024.jpg 768w, https:\/\/solopub.fr\/wp-content\/uploads\/2026\/03\/IMG_9965-225x300.jpg 225w, https:\/\/solopub.fr\/wp-content\/uploads\/2026\/03\/IMG_9965-1152x1536.jpg 1152w, https:\/\/solopub.fr\/wp-content\/uploads\/2026\/03\/IMG_9965-1536x2048.jpg 1536w, https:\/\/solopub.fr\/wp-content\/uploads\/2026\/03\/IMG_9965-scaled.jpg 1920w\" sizes=\"auto, (max-width: 768px) 100vw, 768px\" \/><\/div><\/div><\/figure><\/div><\/li><li class=\"kadence-blocks-gallery-item\" tabindex=\"0\"><div class=\"kadence-blocks-gallery-item-inner\"><figure class=\"kb-gallery-figure kadence-blocks-gallery-item-hide-caption\"><div class=\"kb-gal-image-radius\"><div class=\"kb-gallery-image-contain kadence-blocks-gallery-intrinsic kb-gallery-image-ratio-land32 kb-has-image-ratio-land32\" ><img loading=\"lazy\" decoding=\"async\" src=\"https:\/\/solopub.fr\/wp-content\/uploads\/2026\/02\/jhgh.jpg\" width=\"809\" height=\"607\" alt=\"\" data-full-image=\"https:\/\/solopub.fr\/wp-content\/uploads\/2026\/02\/jhgh.jpg\" data-light-image=\"https:\/\/solopub.fr\/wp-content\/uploads\/2026\/02\/jhgh.jpg\" data-id=\"763\" class=\"wp-image-763\" srcset=\"https:\/\/solopub.fr\/wp-content\/uploads\/2026\/02\/jhgh.jpg 809w, https:\/\/solopub.fr\/wp-content\/uploads\/2026\/02\/jhgh-300x225.jpg 300w, https:\/\/solopub.fr\/wp-content\/uploads\/2026\/02\/jhgh-768x576.jpg 768w\" sizes=\"auto, (max-width: 809px) 100vw, 809px\" \/><\/div><\/div><\/figure><\/div><\/li><li class=\"kadence-blocks-gallery-item\" tabindex=\"0\"><div class=\"kadence-blocks-gallery-item-inner\"><figure class=\"kb-gallery-figure kadence-blocks-gallery-item-hide-caption\"><div class=\"kb-gal-image-radius\"><div class=\"kb-gallery-image-contain kadence-blocks-gallery-intrinsic kb-gallery-image-ratio-land32 kb-has-image-ratio-land32\" ><img loading=\"lazy\" decoding=\"async\" src=\"https:\/\/solopub.fr\/wp-content\/uploads\/2026\/02\/IMG_20210108_101851.jpg\" width=\"809\" height=\"607\" alt=\"\" data-full-image=\"https:\/\/solopub.fr\/wp-content\/uploads\/2026\/02\/IMG_20210108_101851.jpg\" data-light-image=\"https:\/\/solopub.fr\/wp-content\/uploads\/2026\/02\/IMG_20210108_101851.jpg\" data-id=\"758\" class=\"wp-image-758\" srcset=\"https:\/\/solopub.fr\/wp-content\/uploads\/2026\/02\/IMG_20210108_101851.jpg 809w, https:\/\/solopub.fr\/wp-content\/uploads\/2026\/02\/IMG_20210108_101851-300x225.jpg 300w, https:\/\/solopub.fr\/wp-content\/uploads\/2026\/02\/IMG_20210108_101851-768x576.jpg 768w\" sizes=\"auto, (max-width: 809px) 100vw, 809px\" \/><\/div><\/div><\/figure><\/div><\/li><li class=\"kadence-blocks-gallery-item\" tabindex=\"0\"><div class=\"kadence-blocks-gallery-item-inner\"><figure class=\"kb-gallery-figure kadence-blocks-gallery-item-hide-caption\"><div class=\"kb-gal-image-radius\"><div class=\"kb-gallery-image-contain kadence-blocks-gallery-intrinsic kb-gallery-image-ratio-land32 kb-has-image-ratio-land32\" ><img loading=\"lazy\" decoding=\"async\" src=\"https:\/\/solopub.fr\/wp-content\/uploads\/2026\/02\/IMG-20210317-WA0001.jpg\" width=\"454\" height=\"607\" alt=\"\" data-full-image=\"https:\/\/solopub.fr\/wp-content\/uploads\/2026\/02\/IMG-20210317-WA0001.jpg\" data-light-image=\"https:\/\/solopub.fr\/wp-content\/uploads\/2026\/02\/IMG-20210317-WA0001.jpg\" data-id=\"1152\" class=\"wp-image-1152\" srcset=\"https:\/\/solopub.fr\/wp-content\/uploads\/2026\/02\/IMG-20210317-WA0001.jpg 454w, https:\/\/solopub.fr\/wp-content\/uploads\/2026\/02\/IMG-20210317-WA0001-224x300.jpg 224w\" sizes=\"auto, (max-width: 454px) 100vw, 454px\" \/><\/div><\/div><\/figure><\/div><\/li><li class=\"kadence-blocks-gallery-item\" tabindex=\"0\"><div class=\"kadence-blocks-gallery-item-inner\"><figure class=\"kb-gallery-figure kadence-blocks-gallery-item-hide-caption\"><div class=\"kb-gal-image-radius\"><div class=\"kb-gallery-image-contain kadence-blocks-gallery-intrinsic kb-gallery-image-ratio-land32 kb-has-image-ratio-land32\" ><img loading=\"lazy\" decoding=\"async\" src=\"https:\/\/solopub.fr\/wp-content\/uploads\/2026\/02\/20211222_150242.jpg\" width=\"455\" height=\"607\" alt=\"\" data-full-image=\"https:\/\/solopub.fr\/wp-content\/uploads\/2026\/02\/20211222_150242.jpg\" data-light-image=\"https:\/\/solopub.fr\/wp-content\/uploads\/2026\/02\/20211222_150242.jpg\" data-id=\"1153\" class=\"wp-image-1153\" srcset=\"https:\/\/solopub.fr\/wp-content\/uploads\/2026\/02\/20211222_150242.jpg 455w, https:\/\/solopub.fr\/wp-content\/uploads\/2026\/02\/20211222_150242-225x300.jpg 225w\" sizes=\"auto, (max-width: 455px) 100vw, 455px\" \/><\/div><\/div><\/figure><\/div><\/li><li class=\"kadence-blocks-gallery-item\" tabindex=\"0\"><div class=\"kadence-blocks-gallery-item-inner\"><figure class=\"kb-gallery-figure kadence-blocks-gallery-item-hide-caption\"><div class=\"kb-gal-image-radius\"><div class=\"kb-gallery-image-contain kadence-blocks-gallery-intrinsic kb-gallery-image-ratio-land32 kb-has-image-ratio-land32\" ><img loading=\"lazy\" decoding=\"async\" src=\"https:\/\/solopub.fr\/wp-content\/uploads\/2026\/02\/20210910_180141-1.jpg\" width=\"809\" height=\"607\" alt=\"\" data-full-image=\"https:\/\/solopub.fr\/wp-content\/uploads\/2026\/02\/20210910_180141-1.jpg\" data-light-image=\"https:\/\/solopub.fr\/wp-content\/uploads\/2026\/02\/20210910_180141-1.jpg\" data-id=\"1154\" class=\"wp-image-1154\" srcset=\"https:\/\/solopub.fr\/wp-content\/uploads\/2026\/02\/20210910_180141-1.jpg 809w, https:\/\/solopub.fr\/wp-content\/uploads\/2026\/02\/20210910_180141-1-300x225.jpg 300w, https:\/\/solopub.fr\/wp-content\/uploads\/2026\/02\/20210910_180141-1-768x576.jpg 768w\" sizes=\"auto, (max-width: 809px) 100vw, 809px\" \/><\/div><\/div><\/figure><\/div><\/li><li class=\"kadence-blocks-gallery-item\" tabindex=\"0\"><div class=\"kadence-blocks-gallery-item-inner\"><figure class=\"kb-gallery-figure kadence-blocks-gallery-item-hide-caption\"><div class=\"kb-gal-image-radius\"><div class=\"kb-gallery-image-contain kadence-blocks-gallery-intrinsic kb-gallery-image-ratio-land32 kb-has-image-ratio-land32\" ><img loading=\"lazy\" decoding=\"async\" src=\"https:\/\/solopub.fr\/wp-content\/uploads\/2026\/03\/20190214_105728-1024x498.jpg\" width=\"1024\" height=\"498\" alt=\"\" data-full-image=\"https:\/\/solopub.fr\/wp-content\/uploads\/2026\/03\/20190214_105728-scaled.jpg\" data-light-image=\"https:\/\/solopub.fr\/wp-content\/uploads\/2026\/03\/20190214_105728-scaled.jpg\" data-id=\"1296\" class=\"wp-image-1296\" srcset=\"https:\/\/solopub.fr\/wp-content\/uploads\/2026\/03\/20190214_105728-1024x498.jpg 1024w, https:\/\/solopub.fr\/wp-content\/uploads\/2026\/03\/20190214_105728-300x146.jpg 300w, https:\/\/solopub.fr\/wp-content\/uploads\/2026\/03\/20190214_105728-768x373.jpg 768w, https:\/\/solopub.fr\/wp-content\/uploads\/2026\/03\/20190214_105728-1536x747.jpg 1536w, https:\/\/solopub.fr\/wp-content\/uploads\/2026\/03\/20190214_105728-2048x996.jpg 2048w\" sizes=\"auto, (max-width: 1024px) 100vw, 1024px\" \/><\/div><\/div><\/figure><\/div><\/li><li class=\"kadence-blocks-gallery-item\" tabindex=\"0\"><div class=\"kadence-blocks-gallery-item-inner\"><figure class=\"kb-gallery-figure kadence-blocks-gallery-item-hide-caption\"><div class=\"kb-gal-image-radius\"><div class=\"kb-gallery-image-contain kadence-blocks-gallery-intrinsic kb-gallery-image-ratio-land32 kb-has-image-ratio-land32\" ><img loading=\"lazy\" decoding=\"async\" src=\"https:\/\/solopub.fr\/wp-content\/uploads\/2026\/03\/20190214_105653-1024x498.jpg\" width=\"1024\" height=\"498\" alt=\"\" data-full-image=\"https:\/\/solopub.fr\/wp-content\/uploads\/2026\/03\/20190214_105653-scaled.jpg\" data-light-image=\"https:\/\/solopub.fr\/wp-content\/uploads\/2026\/03\/20190214_105653-scaled.jpg\" data-id=\"1295\" class=\"wp-image-1295\" srcset=\"https:\/\/solopub.fr\/wp-content\/uploads\/2026\/03\/20190214_105653-1024x498.jpg 1024w, https:\/\/solopub.fr\/wp-content\/uploads\/2026\/03\/20190214_105653-300x146.jpg 300w, https:\/\/solopub.fr\/wp-content\/uploads\/2026\/03\/20190214_105653-768x373.jpg 768w, https:\/\/solopub.fr\/wp-content\/uploads\/2026\/03\/20190214_105653-1536x747.jpg 1536w, https:\/\/solopub.fr\/wp-content\/uploads\/2026\/03\/20190214_105653-2048x996.jpg 2048w\" sizes=\"auto, (max-width: 1024px) 100vw, 1024px\" \/><\/div><\/div><\/figure><\/div><\/li><\/ul><\/div>\n\n\n<p><\/p>\n","protected":false},"excerpt":{"rendered":"<p>nos r\u00e9alistaion<\/p>\n","protected":false},"author":1,"featured_media":0,"parent":0,"menu_order":0,"comment_status":"closed","ping_status":"closed","template":"","meta":{"_eb_attr":"","footnotes":""},"class_list":["post-2","page","type-page","status-publish","hentry"],"_links":{"self":[{"href":"https:\/\/solopub.fr\/index.php\/wp-json\/wp\/v2\/pages\/2","targetHints":{"allow":["GET"]}}],"collection":[{"href":"https:\/\/solopub.fr\/index.php\/wp-json\/wp\/v2\/pages"}],"about":[{"href":"https:\/\/solopub.fr\/index.php\/wp-json\/wp\/v2\/types\/page"}],"author":[{"embeddable":true,"href":"https:\/\/solopub.fr\/index.php\/wp-json\/wp\/v2\/users\/1"}],"replies":[{"embeddable":true,"href":"https:\/\/solopub.fr\/index.php\/wp-json\/wp\/v2\/comments?post=2"}],"version-history":[{"count":10,"href":"https:\/\/solopub.fr\/index.php\/wp-json\/wp\/v2\/pages\/2\/revisions"}],"predecessor-version":[{"id":1310,"href":"https:\/\/solopub.fr\/index.php\/wp-json\/wp\/v2\/pages\/2\/revisions\/1310"}],"wp:attachment":[{"href":"https:\/\/solopub.fr\/index.php\/wp-json\/wp\/v2\/media?parent=2"}],"curies":[{"name":"wp","href":"https:\/\/api.w.org\/{rel}","templated":true}]}}