{"id":227,"date":"2026-02-07T16:18:51","date_gmt":"2026-02-07T16:18:51","guid":{"rendered":"https:\/\/solopub.fr\/?page_id=227"},"modified":"2026-02-17T14:15:54","modified_gmt":"2026-02-17T14:15:54","slug":"lagence-solo-pub","status":"publish","type":"page","link":"https:\/\/solopub.fr\/index.php\/lagence-solo-pub\/","title":{"rendered":"L&#8217;agence Solo Pub"},"content":{"rendered":"\n<div class=\"wp-block-group has-secondary-bg-background-color has-background has-global-padding is-layout-constrained wp-container-core-group-is-layout-63a0b46f wp-block-group-is-layout-constrained\" style=\"margin-top:0;margin-bottom:0;padding-top:var(--wp--preset--spacing--50);padding-right:var(--wp--preset--spacing--20);padding-bottom:var(--wp--preset--spacing--50);padding-left:var(--wp--preset--spacing--20)\">\n<div class=\"wp-block-columns alignwide is-layout-flex wp-container-core-columns-is-layout-66fad18a wp-block-columns-is-layout-flex\">\n<div class=\"wp-block-column is-vertically-aligned-center is-layout-flow wp-block-column-is-layout-flow\" style=\"padding-right:var(--wp--preset--spacing--10);padding-left:var(--wp--preset--spacing--10);flex-basis:50%\">\n<div class=\"wp-block-group is-vertical is-layout-flex wp-container-core-group-is-layout-fe9cc265 wp-block-group-is-layout-flex\">\n<h2 class=\"wp-block-heading is-style-text-annotation\"><strong>Plus qu\u2019une Agence, une VISION<\/strong><\/h2>\n<\/div>\n\n\n\n<p class=\"is-style-text-subtitle\">Fond\u00e9e en 2019, la soci\u00e9t\u00e9 Solo Pub est une entreprise tunisienne sp\u00e9cialis\u00e9e dans les domaines de la communication visuelle, de l\u2019impression sur tous supports, de la publicit\u00e9 et de la construction<br>d\u2019image de marque. Depuis sa cr\u00e9ation, la soci\u00e9t\u00e9 affiche une croissance continue et ma\u00eetris\u00e9e, avec une activit\u00e9 b\u00e9n\u00e9ficiaire<br>chaque ann\u00e9e, t\u00e9moignant de la solidit\u00e9 de son mod\u00e8le \u00e9conomique et de la pertinence de son positionnement sur le march\u00e9.<\/p>\n\n\n\n<p class=\"is-style-text-subtitle\">Confirmant une \u00e9volution positive constante et une forte demande pour ses services. Solo Pub accompagne aussi bien les entreprises nouvellement cr\u00e9\u00e9es que les soci\u00e9t\u00e9s en phase de renouvellement ou de repositionnement, en leur proposant des solutions compl\u00e8tes et sur mesure pour le d\u00e9veloppement et la valorisation de leur image de marque.<\/p>\n<\/div>\n\n\n\n<div class=\"wp-block-column is-vertically-aligned-center is-layout-flow wp-block-column-is-layout-flow\" style=\"flex-basis:60%\"><div class=\"kb-gallery-wrap-id-227_f50a36-95 alignnone wp-block-kadence-advancedgallery\"><div class=\"kb-gallery-ul kb-gallery-non-static kb-gallery-type-fluidcarousel kb-gallery-id-227_f50a36-95 kb-gallery-caption-style-bottom-hover kb-gallery-filter-none\" data-image-filter=\"none\" data-lightbox-caption=\"true\"><div class=\"kt-blocks-carousel splide kt-carousel-container-dotstyle-dark kt-carousel-arrowstyle-whiteondark kt-carousel-dotstyle-dark kb-slider-group-arrow kb-slider-arrow-position-center\" data-slider-anim-speed=\"400\" data-slider-scroll=\"1\" data-slider-arrows=\"true\" data-slider-dots=\"true\" data-slider-hover-pause=\"false\" data-slider-auto=\"\" data-slider-speed=\"7000\" data-slider-type=\"fluidcarousel\" data-slider-center-mode=\"true\" data-slider-gap=\"10px\" data-slider-gap-tablet=\"10px\" data-slider-gap-mobile=\"10px\" data-show-pause-button=\"false\"><div class=\"splide__track\"><ul class=\"kt-blocks-carousel-init kb-blocks-fluid-carousel splide__list\"><li class=\"kb-slide-item kb-gallery-carousel-item splide__slide\"><div class=\"kadence-blocks-gallery-item\"><div class=\"kadence-blocks-gallery-item-inner\"><figure class=\"kb-gallery-figure kadence-blocks-gallery-item-hide-caption\"><div class=\"kb-gal-image-radius\"><div class=\"kb-gallery-image-contain\" ><img loading=\"lazy\" decoding=\"async\" src=\"https:\/\/solopub.fr\/wp-content\/uploads\/2026\/02\/IMG_9472-1.jpg\" width=\"809\" height=\"607\" alt=\"\" data-full-image=\"https:\/\/solopub.fr\/wp-content\/uploads\/2026\/02\/IMG_9472-1.jpg\" data-light-image=\"https:\/\/solopub.fr\/wp-content\/uploads\/2026\/02\/IMG_9472-1.jpg\" data-id=\"736\" class=\"wp-image-736 skip-lazy\" srcset=\"https:\/\/solopub.fr\/wp-content\/uploads\/2026\/02\/IMG_9472-1.jpg 809w, https:\/\/solopub.fr\/wp-content\/uploads\/2026\/02\/IMG_9472-1-300x225.jpg 300w, https:\/\/solopub.fr\/wp-content\/uploads\/2026\/02\/IMG_9472-1-768x576.jpg 768w\" sizes=\"auto, (max-width: 809px) 100vw, 809px\" \/><\/div><\/div><\/figure><\/div><\/div><\/li><li class=\"kb-slide-item kb-gallery-carousel-item splide__slide\"><div class=\"kadence-blocks-gallery-item\"><div class=\"kadence-blocks-gallery-item-inner\"><figure class=\"kb-gallery-figure kadence-blocks-gallery-item-hide-caption\"><div class=\"kb-gal-image-radius\"><div class=\"kb-gallery-image-contain\" ><img loading=\"lazy\" decoding=\"async\" src=\"https:\/\/solopub.fr\/wp-content\/uploads\/2026\/02\/IMG_2592.jpg\" width=\"455\" height=\"607\" alt=\"\" data-full-image=\"https:\/\/solopub.fr\/wp-content\/uploads\/2026\/02\/IMG_2592.jpg\" data-light-image=\"https:\/\/solopub.fr\/wp-content\/uploads\/2026\/02\/IMG_2592.jpg\" data-id=\"739\" class=\"wp-image-739 skip-lazy\" srcset=\"https:\/\/solopub.fr\/wp-content\/uploads\/2026\/02\/IMG_2592.jpg 455w, https:\/\/solopub.fr\/wp-content\/uploads\/2026\/02\/IMG_2592-225x300.jpg 225w\" sizes=\"auto, (max-width: 455px) 100vw, 455px\" \/><\/div><\/div><\/figure><\/div><\/div><\/li><li class=\"kb-slide-item kb-gallery-carousel-item splide__slide\"><div class=\"kadence-blocks-gallery-item\"><div class=\"kadence-blocks-gallery-item-inner\"><figure class=\"kb-gallery-figure kadence-blocks-gallery-item-hide-caption\"><div class=\"kb-gal-image-radius\"><div class=\"kb-gallery-image-contain\" ><img loading=\"lazy\" decoding=\"async\" src=\"https:\/\/solopub.fr\/wp-content\/uploads\/2026\/02\/IMG-20210223-WA0001.jpg\" width=\"454\" height=\"607\" alt=\"\" data-full-image=\"https:\/\/solopub.fr\/wp-content\/uploads\/2026\/02\/IMG-20210223-WA0001.jpg\" data-light-image=\"https:\/\/solopub.fr\/wp-content\/uploads\/2026\/02\/IMG-20210223-WA0001.jpg\" data-id=\"740\" class=\"wp-image-740 skip-lazy\" srcset=\"https:\/\/solopub.fr\/wp-content\/uploads\/2026\/02\/IMG-20210223-WA0001.jpg 454w, https:\/\/solopub.fr\/wp-content\/uploads\/2026\/02\/IMG-20210223-WA0001-224x300.jpg 224w\" sizes=\"auto, (max-width: 454px) 100vw, 454px\" \/><\/div><\/div><\/figure><\/div><\/div><\/li><li class=\"kb-slide-item kb-gallery-carousel-item splide__slide\"><div class=\"kadence-blocks-gallery-item\"><div class=\"kadence-blocks-gallery-item-inner\"><figure class=\"kb-gallery-figure kadence-blocks-gallery-item-hide-caption\"><div class=\"kb-gal-image-radius\"><div class=\"kb-gallery-image-contain\" ><img loading=\"lazy\" decoding=\"async\" src=\"https:\/\/solopub.fr\/wp-content\/uploads\/2026\/02\/IMG_20201225_145409.jpg\" width=\"455\" height=\"607\" alt=\"\" data-full-image=\"https:\/\/solopub.fr\/wp-content\/uploads\/2026\/02\/IMG_20201225_145409.jpg\" data-light-image=\"https:\/\/solopub.fr\/wp-content\/uploads\/2026\/02\/IMG_20201225_145409.jpg\" data-id=\"741\" class=\"wp-image-741 skip-lazy\" srcset=\"https:\/\/solopub.fr\/wp-content\/uploads\/2026\/02\/IMG_20201225_145409.jpg 455w, https:\/\/solopub.fr\/wp-content\/uploads\/2026\/02\/IMG_20201225_145409-225x300.jpg 225w\" sizes=\"auto, (max-width: 455px) 100vw, 455px\" \/><\/div><\/div><\/figure><\/div><\/div><\/li><li class=\"kb-slide-item kb-gallery-carousel-item splide__slide\"><div class=\"kadence-blocks-gallery-item\"><div class=\"kadence-blocks-gallery-item-inner\"><figure class=\"kb-gallery-figure kadence-blocks-gallery-item-hide-caption\"><div class=\"kb-gal-image-radius\"><div class=\"kb-gallery-image-contain\" ><img loading=\"lazy\" decoding=\"async\" src=\"https:\/\/solopub.fr\/wp-content\/uploads\/2026\/02\/20211214_103132.jpg\" width=\"455\" height=\"607\" alt=\"\" data-full-image=\"https:\/\/solopub.fr\/wp-content\/uploads\/2026\/02\/20211214_103132.jpg\" data-light-image=\"https:\/\/solopub.fr\/wp-content\/uploads\/2026\/02\/20211214_103132.jpg\" data-id=\"743\" class=\"wp-image-743 skip-lazy\" srcset=\"https:\/\/solopub.fr\/wp-content\/uploads\/2026\/02\/20211214_103132.jpg 455w, https:\/\/solopub.fr\/wp-content\/uploads\/2026\/02\/20211214_103132-225x300.jpg 225w\" sizes=\"auto, (max-width: 455px) 100vw, 455px\" \/><\/div><\/div><\/figure><\/div><\/div><\/li><\/ul><\/div><\/div><\/div><\/div><\/div>\n<\/div>\n\n\n\n<div class=\"wp-block-columns is-layout-flex wp-container-core-columns-is-layout-28f84493 wp-block-columns-is-layout-flex\">\n<div class=\"wp-block-column is-vertically-aligned-center is-layout-flow wp-block-column-is-layout-flow\">\n<h2 class=\"wp-block-heading has-body-font-family\"><strong>L\u2019activit\u00e9 principale de la soci\u00e9t\u00e9 repose sur :<\/strong><\/h2>\n<\/div>\n\n\n\n<div class=\"wp-block-column is-vertically-aligned-center is-layout-flow wp-block-column-is-layout-flow\">\n<div class=\"wp-block-essential-blocks-text  root-eb-text-iv31d\"><div class=\"eb-parent-wrapper eb-parent-eb-text-iv31d \"><div class=\"eb-text-wrapper eb-text-iv31d\" data-id=\"eb-text-iv31d\"><p class=\"eb-text\">l\u2019impression professionnelle sur tous types de supports<br>(signal\u00e9tique, supports publicitaires, visuels grand format, supports promotionnels), la conception et la mise en \u0153uvre de campagnes publicitaires,le branding et la construction d\u2019identit\u00e9 visuelle, incluant la cr\u00e9ation, le d\u00e9veloppement et l\u2019optimisation de l\u2019image de marque.<br>Soucieuse d\u2019\u00e9volution et d\u2019innovation, la soci\u00e9t\u00e9 assure un suivi annuel de ses performances et enrichit progressivement ses domaines d\u2019intervention en fonction des opportunit\u00e9s du march\u00e9 et des besoins de ses clients. <br>Cette strat\u00e9gie lui permet de consolider sa position et d\u2019\u00e9largir son champ de comp\u00e9tences de mani\u00e8re structur\u00e9e et durable.<\/p><\/div><\/div><\/div>\n<\/div>\n<\/div>\n<\/div>\n","protected":false},"excerpt":{"rendered":"<p>Plus qu\u2019une Agence, une VISION Fond\u00e9e en 2019, la soci\u00e9t\u00e9 Solo Pub est une entreprise tunisienne sp\u00e9cialis\u00e9e dans les domaines de la communication visuelle, de l\u2019impression sur tous supports, de la publicit\u00e9 et de la constructiond\u2019image de marque. Depuis sa cr\u00e9ation, la soci\u00e9t\u00e9 affiche une croissance continue et ma\u00eetris\u00e9e, avec une activit\u00e9 b\u00e9n\u00e9ficiairechaque ann\u00e9e, t\u00e9moignant [&hellip;]<\/p>\n","protected":false},"author":1,"featured_media":0,"parent":0,"menu_order":0,"comment_status":"closed","ping_status":"closed","template":"","meta":{"_eb_attr":"","footnotes":""},"class_list":["post-227","page","type-page","status-publish","hentry"],"_links":{"self":[{"href":"https:\/\/solopub.fr\/index.php\/wp-json\/wp\/v2\/pages\/227","targetHints":{"allow":["GET"]}}],"collection":[{"href":"https:\/\/solopub.fr\/index.php\/wp-json\/wp\/v2\/pages"}],"about":[{"href":"https:\/\/solopub.fr\/index.php\/wp-json\/wp\/v2\/types\/page"}],"author":[{"embeddable":true,"href":"https:\/\/solopub.fr\/index.php\/wp-json\/wp\/v2\/users\/1"}],"replies":[{"embeddable":true,"href":"https:\/\/solopub.fr\/index.php\/wp-json\/wp\/v2\/comments?post=227"}],"version-history":[{"count":8,"href":"https:\/\/solopub.fr\/index.php\/wp-json\/wp\/v2\/pages\/227\/revisions"}],"predecessor-version":[{"id":800,"href":"https:\/\/solopub.fr\/index.php\/wp-json\/wp\/v2\/pages\/227\/revisions\/800"}],"wp:attachment":[{"href":"https:\/\/solopub.fr\/index.php\/wp-json\/wp\/v2\/media?parent=227"}],"curies":[{"name":"wp","href":"https:\/\/api.w.org\/{rel}","templated":true}]}}