{"id":29,"date":"2026-01-30T13:44:48","date_gmt":"2026-01-30T13:44:48","guid":{"rendered":"http:\/\/solopub.fr\/?page_id=29"},"modified":"2026-02-24T09:02:54","modified_gmt":"2026-02-24T09:02:54","slug":"gadgets-publicitaires","status":"publish","type":"page","link":"https:\/\/solopub.fr\/index.php\/gadgets-publicitaires\/","title":{"rendered":"Gadgets publicitaires"},"content":{"rendered":"\n<div class=\"wp-block-columns is-layout-flex wp-container-core-columns-is-layout-17fc1b09 wp-block-columns-is-layout-flex\">\n<div class=\"wp-block-column is-vertically-aligned-center is-layout-flow wp-block-column-is-layout-flow\">\n<div class=\"wp-block-essential-blocks-advanced-heading  root-eb-advance-heading-0fygx\"><div class=\"eb-parent-wrapper eb-parent-eb-advance-heading-0fygx \"><div class=\"eb-advance-heading-wrapper eb-advance-heading-0fygx button-1 undefined\" data-id=\"eb-advance-heading-0fygx\"><h2 class=\"eb-ah-title\"><span class=\"first-title\"><strong>Transformez votre marque en souvenir durable<\/strong><\/span><\/h2><\/div><\/div><\/div>\n<\/div>\n\n\n\n<div class=\"wp-block-column is-style-section-2 is-layout-flow wp-block-column-is-layout-flow is-style-section-2--1\" style=\"flex-basis:1px\"><\/div>\n\n\n\n<div class=\"wp-block-column is-layout-flow wp-block-column-is-layout-flow\">\n<div class=\"wp-block-essential-blocks-text  root-eb-text-1k107\"><div class=\"eb-parent-wrapper eb-parent-eb-text-1k107 \"><div class=\"eb-text-wrapper eb-text-1k107\" data-id=\"eb-text-1k107\"><p class=\"eb-text\">Nous concevons des <strong>gadgets publicitaires personnalis\u00e9s<\/strong> qui renforcent votre visibilit\u00e9 et laissent une impression m\u00e9morable aupr\u00e8s de vos clients.<br><br>Stylos, mugs, sacs, cl\u00e9s USB, carnets, textiles promotionnels\u2026 chaque support devient un outil strat\u00e9gique pour diffuser votre image au quotidien.<br>\u2714 Personnalisation avec logo et identit\u00e9 visuelle<br>\u2714 Impression haute qualit\u00e9<br>\u2714 Large choix de supports adapt\u00e9s \u00e0 votre cible<br>\u2714 Id\u00e9al pour \u00e9v\u00e9nements, salons et cadeaux clients<br><br><strong>Un bon gadget ne se jette pas \u2014 il se garde, se voit et rappelle votre marque.<\/strong><\/p><\/div><\/div><\/div>\n<\/div>\n<\/div>\n\n\n\n<div class=\"wp-block-essential-blocks-button  root-eb-button-49mnl\"><div class=\"eb-parent-wrapper eb-parent-eb-button-49mnl \"><div class=\"eb-button-wrapper eb-button-alignment eb-button-49mnl\"><div class=\"eb-button\"><div class=\"eb-button-inner-wrapper \"><a class=\"eb-button-anchor hvr-sweep-to-left  \" href=\"https:\/\/solopub.fr\/index.php\/contactez-nous\/\" rel=\"noopener\"><strong>Lancez votre commande aujourd\u2019hui<\/strong><\/a><\/div><\/div><\/div><\/div><\/div>\n\n\n<div class=\"kb-gallery-wrap-id-29_85649e-80 alignnone wp-block-kadence-advancedgallery\"><ul class=\"kb-gallery-ul kb-gallery-non-static kb-gallery-type-grid kb-gallery-id-29_85649e-80 kb-gallery-caption-style-bottom-hover kb-gallery-filter-none\" data-image-filter=\"none\" data-item-selector=\".kadence-blocks-gallery-item\" data-lightbox-caption=\"true\" data-columns-xxl=\"3\" data-columns-xl=\"3\" data-columns-md=\"3\" data-columns-sm=\"2\" data-columns-xs=\"1\" data-columns-ss=\"1\"><li class=\"kadence-blocks-gallery-item\" tabindex=\"0\"><div class=\"kadence-blocks-gallery-item-inner\"><figure class=\"kb-gallery-figure kadence-blocks-gallery-item-hide-caption\"><div class=\"kb-gal-image-radius\"><div class=\"kb-gallery-image-contain kadence-blocks-gallery-intrinsic kb-gallery-image-ratio-square kb-has-image-ratio-square\" ><img loading=\"lazy\" decoding=\"async\" src=\"https:\/\/solopub.fr\/wp-content\/uploads\/2026\/02\/IMG_20210108_102751-1.jpg\" width=\"455\" height=\"607\" alt=\"\" data-full-image=\"https:\/\/solopub.fr\/wp-content\/uploads\/2026\/02\/IMG_20210108_102751-1.jpg\" data-light-image=\"https:\/\/solopub.fr\/wp-content\/uploads\/2026\/02\/IMG_20210108_102751-1.jpg\" data-id=\"782\" class=\"wp-image-782\" srcset=\"https:\/\/solopub.fr\/wp-content\/uploads\/2026\/02\/IMG_20210108_102751-1.jpg 455w, https:\/\/solopub.fr\/wp-content\/uploads\/2026\/02\/IMG_20210108_102751-1-225x300.jpg 225w\" sizes=\"auto, (max-width: 455px) 100vw, 455px\" \/><\/div><\/div><\/figure><\/div><\/li><li class=\"kadence-blocks-gallery-item\" tabindex=\"0\"><div class=\"kadence-blocks-gallery-item-inner\"><figure class=\"kb-gallery-figure kadence-blocks-gallery-item-hide-caption\"><div class=\"kb-gal-image-radius\"><div class=\"kb-gallery-image-contain kadence-blocks-gallery-intrinsic kb-gallery-image-ratio-square kb-has-image-ratio-square\" ><img loading=\"lazy\" decoding=\"async\" src=\"https:\/\/solopub.fr\/wp-content\/uploads\/2026\/02\/IMG-20210626-WA0032.jpg\" width=\"454\" height=\"607\" alt=\"\" data-full-image=\"https:\/\/solopub.fr\/wp-content\/uploads\/2026\/02\/IMG-20210626-WA0032.jpg\" data-light-image=\"https:\/\/solopub.fr\/wp-content\/uploads\/2026\/02\/IMG-20210626-WA0032.jpg\" data-id=\"778\" class=\"wp-image-778\" srcset=\"https:\/\/solopub.fr\/wp-content\/uploads\/2026\/02\/IMG-20210626-WA0032.jpg 454w, https:\/\/solopub.fr\/wp-content\/uploads\/2026\/02\/IMG-20210626-WA0032-224x300.jpg 224w\" sizes=\"auto, (max-width: 454px) 100vw, 454px\" \/><\/div><\/div><\/figure><\/div><\/li><li class=\"kadence-blocks-gallery-item\" tabindex=\"0\"><div class=\"kadence-blocks-gallery-item-inner\"><figure class=\"kb-gallery-figure kadence-blocks-gallery-item-hide-caption\"><div class=\"kb-gal-image-radius\"><div class=\"kb-gallery-image-contain kadence-blocks-gallery-intrinsic kb-gallery-image-ratio-square kb-has-image-ratio-square\" ><img loading=\"lazy\" decoding=\"async\" src=\"https:\/\/solopub.fr\/wp-content\/uploads\/2026\/02\/IMG_20210108_101851.jpg\" width=\"809\" height=\"607\" alt=\"\" data-full-image=\"https:\/\/solopub.fr\/wp-content\/uploads\/2026\/02\/IMG_20210108_101851.jpg\" data-light-image=\"https:\/\/solopub.fr\/wp-content\/uploads\/2026\/02\/IMG_20210108_101851.jpg\" data-id=\"758\" class=\"wp-image-758\" srcset=\"https:\/\/solopub.fr\/wp-content\/uploads\/2026\/02\/IMG_20210108_101851.jpg 809w, https:\/\/solopub.fr\/wp-content\/uploads\/2026\/02\/IMG_20210108_101851-300x225.jpg 300w, https:\/\/solopub.fr\/wp-content\/uploads\/2026\/02\/IMG_20210108_101851-768x576.jpg 768w\" sizes=\"auto, (max-width: 809px) 100vw, 809px\" \/><\/div><\/div><\/figure><\/div><\/li><li class=\"kadence-blocks-gallery-item\" tabindex=\"0\"><div class=\"kadence-blocks-gallery-item-inner\"><figure class=\"kb-gallery-figure kadence-blocks-gallery-item-hide-caption\"><div class=\"kb-gal-image-radius\"><div class=\"kb-gallery-image-contain kadence-blocks-gallery-intrinsic kb-gallery-image-ratio-square kb-has-image-ratio-square\" ><img loading=\"lazy\" decoding=\"async\" src=\"https:\/\/solopub.fr\/wp-content\/uploads\/2026\/02\/IMG_20210108_102305.jpg\" width=\"455\" height=\"607\" alt=\"\" data-full-image=\"https:\/\/solopub.fr\/wp-content\/uploads\/2026\/02\/IMG_20210108_102305.jpg\" data-light-image=\"https:\/\/solopub.fr\/wp-content\/uploads\/2026\/02\/IMG_20210108_102305.jpg\" data-id=\"760\" class=\"wp-image-760\" srcset=\"https:\/\/solopub.fr\/wp-content\/uploads\/2026\/02\/IMG_20210108_102305.jpg 455w, https:\/\/solopub.fr\/wp-content\/uploads\/2026\/02\/IMG_20210108_102305-225x300.jpg 225w\" sizes=\"auto, (max-width: 455px) 100vw, 455px\" \/><\/div><\/div><\/figure><\/div><\/li><li class=\"kadence-blocks-gallery-item\" tabindex=\"0\"><div class=\"kadence-blocks-gallery-item-inner\"><figure class=\"kb-gallery-figure kadence-blocks-gallery-item-hide-caption\"><div class=\"kb-gal-image-radius\"><div class=\"kb-gallery-image-contain kadence-blocks-gallery-intrinsic kb-gallery-image-ratio-square kb-has-image-ratio-square\" ><img loading=\"lazy\" decoding=\"async\" src=\"https:\/\/solopub.fr\/wp-content\/uploads\/2026\/02\/IMG-20210626-WA0041.jpg\" width=\"811\" height=\"607\" alt=\"\" data-full-image=\"https:\/\/solopub.fr\/wp-content\/uploads\/2026\/02\/IMG-20210626-WA0041.jpg\" data-light-image=\"https:\/\/solopub.fr\/wp-content\/uploads\/2026\/02\/IMG-20210626-WA0041.jpg\" data-id=\"780\" class=\"wp-image-780\" srcset=\"https:\/\/solopub.fr\/wp-content\/uploads\/2026\/02\/IMG-20210626-WA0041.jpg 811w, https:\/\/solopub.fr\/wp-content\/uploads\/2026\/02\/IMG-20210626-WA0041-300x225.jpg 300w, https:\/\/solopub.fr\/wp-content\/uploads\/2026\/02\/IMG-20210626-WA0041-768x575.jpg 768w\" sizes=\"auto, (max-width: 811px) 100vw, 811px\" \/><\/div><\/div><\/figure><\/div><\/li><li class=\"kadence-blocks-gallery-item\" tabindex=\"0\"><div class=\"kadence-blocks-gallery-item-inner\"><figure class=\"kb-gallery-figure kadence-blocks-gallery-item-hide-caption\"><div class=\"kb-gal-image-radius\"><div class=\"kb-gallery-image-contain kadence-blocks-gallery-intrinsic kb-gallery-image-ratio-square kb-has-image-ratio-square\" ><img loading=\"lazy\" decoding=\"async\" src=\"https:\/\/solopub.fr\/wp-content\/uploads\/2026\/02\/IMG-20210626-WA0039.jpg\" width=\"811\" height=\"607\" alt=\"\" data-full-image=\"https:\/\/solopub.fr\/wp-content\/uploads\/2026\/02\/IMG-20210626-WA0039.jpg\" data-light-image=\"https:\/\/solopub.fr\/wp-content\/uploads\/2026\/02\/IMG-20210626-WA0039.jpg\" data-id=\"779\" class=\"wp-image-779\" srcset=\"https:\/\/solopub.fr\/wp-content\/uploads\/2026\/02\/IMG-20210626-WA0039.jpg 811w, https:\/\/solopub.fr\/wp-content\/uploads\/2026\/02\/IMG-20210626-WA0039-300x225.jpg 300w, https:\/\/solopub.fr\/wp-content\/uploads\/2026\/02\/IMG-20210626-WA0039-768x575.jpg 768w\" sizes=\"auto, (max-width: 811px) 100vw, 811px\" \/><\/div><\/div><\/figure><\/div><\/li><li class=\"kadence-blocks-gallery-item\" tabindex=\"0\"><div class=\"kadence-blocks-gallery-item-inner\"><figure class=\"kb-gallery-figure kadence-blocks-gallery-item-hide-caption\"><div class=\"kb-gal-image-radius\"><div class=\"kb-gallery-image-contain kadence-blocks-gallery-intrinsic kb-gallery-image-ratio-square kb-has-image-ratio-square\" ><img loading=\"lazy\" decoding=\"async\" src=\"https:\/\/solopub.fr\/wp-content\/uploads\/2026\/02\/b629b87f-26f0-4615-bdc5-eeae5b18e993.jpg\" width=\"455\" height=\"607\" alt=\"\" data-full-image=\"https:\/\/solopub.fr\/wp-content\/uploads\/2026\/02\/b629b87f-26f0-4615-bdc5-eeae5b18e993.jpg\" data-light-image=\"https:\/\/solopub.fr\/wp-content\/uploads\/2026\/02\/b629b87f-26f0-4615-bdc5-eeae5b18e993.jpg\" data-id=\"1164\" class=\"wp-image-1164\" srcset=\"https:\/\/solopub.fr\/wp-content\/uploads\/2026\/02\/b629b87f-26f0-4615-bdc5-eeae5b18e993.jpg 455w, https:\/\/solopub.fr\/wp-content\/uploads\/2026\/02\/b629b87f-26f0-4615-bdc5-eeae5b18e993-225x300.jpg 225w\" sizes=\"auto, (max-width: 455px) 100vw, 455px\" \/><\/div><\/div><\/figure><\/div><\/li><li class=\"kadence-blocks-gallery-item\" tabindex=\"0\"><div class=\"kadence-blocks-gallery-item-inner\"><figure class=\"kb-gallery-figure kadence-blocks-gallery-item-hide-caption\"><div class=\"kb-gal-image-radius\"><div class=\"kb-gallery-image-contain kadence-blocks-gallery-intrinsic kb-gallery-image-ratio-square kb-has-image-ratio-square\" ><img loading=\"lazy\" decoding=\"async\" src=\"https:\/\/solopub.fr\/wp-content\/uploads\/2026\/02\/IMG_2850.webp\" width=\"188\" height=\"250\" alt=\"\" data-full-image=\"https:\/\/solopub.fr\/wp-content\/uploads\/2026\/02\/IMG_2850.webp\" data-light-image=\"https:\/\/solopub.fr\/wp-content\/uploads\/2026\/02\/IMG_2850.webp\" data-id=\"1167\" class=\"wp-image-1167\"\/><\/div><\/div><\/figure><\/div><\/li><\/ul><\/div>","protected":false},"excerpt":{"rendered":"","protected":false},"author":1,"featured_media":0,"parent":0,"menu_order":0,"comment_status":"closed","ping_status":"closed","template":"","meta":{"_eb_attr":"","footnotes":""},"class_list":["post-29","page","type-page","status-publish","hentry"],"_links":{"self":[{"href":"https:\/\/solopub.fr\/index.php\/wp-json\/wp\/v2\/pages\/29","targetHints":{"allow":["GET"]}}],"collection":[{"href":"https:\/\/solopub.fr\/index.php\/wp-json\/wp\/v2\/pages"}],"about":[{"href":"https:\/\/solopub.fr\/index.php\/wp-json\/wp\/v2\/types\/page"}],"author":[{"embeddable":true,"href":"https:\/\/solopub.fr\/index.php\/wp-json\/wp\/v2\/users\/1"}],"replies":[{"embeddable":true,"href":"https:\/\/solopub.fr\/index.php\/wp-json\/wp\/v2\/comments?post=29"}],"version-history":[{"count":16,"href":"https:\/\/solopub.fr\/index.php\/wp-json\/wp\/v2\/pages\/29\/revisions"}],"predecessor-version":[{"id":1169,"href":"https:\/\/solopub.fr\/index.php\/wp-json\/wp\/v2\/pages\/29\/revisions\/1169"}],"wp:attachment":[{"href":"https:\/\/solopub.fr\/index.php\/wp-json\/wp\/v2\/media?parent=29"}],"curies":[{"name":"wp","href":"https:\/\/api.w.org\/{rel}","templated":true}]}}