{"id":343,"date":"2026-02-10T20:37:45","date_gmt":"2026-02-10T20:37:45","guid":{"rendered":"https:\/\/solopub.fr\/?page_id=343"},"modified":"2026-02-24T09:04:33","modified_gmt":"2026-02-24T09:04:33","slug":"event","status":"publish","type":"page","link":"https:\/\/solopub.fr\/index.php\/event\/","title":{"rendered":"EVENT"},"content":{"rendered":"\n<div class=\"wp-block-columns is-layout-flex wp-container-core-columns-is-layout-28f84493 wp-block-columns-is-layout-flex\">\n<div class=\"wp-block-column is-layout-flow wp-block-column-is-layout-flow\" style=\"flex-basis:10%\"><\/div>\n\n\n\n<div class=\"wp-block-column is-layout-flow wp-block-column-is-layout-flow\" style=\"flex-basis:80%\">\n<figure class=\"wp-block-video\"><\/figure>\n<\/div>\n\n\n\n<div class=\"wp-block-column is-layout-flow wp-block-column-is-layout-flow\" style=\"flex-basis:10%\"><\/div>\n<\/div>\n\n\n\n<div class=\"wp-block-columns is-layout-flex wp-container-core-columns-is-layout-7be1c607 wp-block-columns-is-layout-flex\" style=\"padding-right:0;padding-left:0\">\n<div class=\"wp-block-column is-vertically-aligned-center is-layout-flow wp-block-column-is-layout-flow\" style=\"flex-basis:600px\">\n<div class=\"wp-block-columns is-not-stacked-on-mobile is-layout-flex wp-container-core-columns-is-layout-28f84493 wp-block-columns-is-layout-flex\">\n<div class=\"wp-block-column is-vertically-aligned-center is-layout-flow wp-block-column-is-layout-flow\" style=\"flex-basis:100%\">\n<div class=\"wp-block-essential-blocks-advanced-heading  root-eb-advance-heading-s341g\"><div class=\"eb-parent-wrapper eb-parent-eb-advance-heading-s341g \"><div class=\"eb-advance-heading-wrapper eb-advance-heading-s341g button-1 undefined\" data-id=\"eb-advance-heading-s341g\"><h2 class=\"eb-ah-title\"><span class=\"first-title\"><strong>Sublimez vos \u00e9v\u00e9nements !<\/strong><\/span><\/h2><\/div><\/div><\/div>\n<\/div>\n<\/div>\n<\/div>\n\n\n\n<div class=\"wp-block-column is-style-section-2 is-layout-flow wp-block-column-is-layout-flow is-style-section-2--1\" style=\"flex-basis:1px\"><\/div>\n\n\n\n<div class=\"wp-block-column is-layout-flow wp-container-core-column-is-layout-8a368f38 wp-block-column-is-layout-flow\">\n<div class=\"wp-block-essential-blocks-text  root-eb-text-o83y0\"><div class=\"eb-parent-wrapper eb-parent-eb-text-o83y0 \"><div class=\"eb-text-wrapper eb-text-o83y0\" data-id=\"eb-text-o83y0\"><p class=\"eb-text\">Les \u00e9quipes <strong>Solo Pub Event<\/strong> analysent en permanence les tendances et innovations pour transformer votre \u00e9v\u00e9nement en une exp\u00e9rience unique et m\u00e9morable.<br>Notre mission : plonger votre public dans une immersion totale, loin du quotidien, le temps de votre \u00e9v\u00e9nement.<br>De la sc\u00e9nographie \u00e0 la production ex\u00e9cutive, en passant par l\u2019accompagnement strat\u00e9gique, nous mettons \u00e0 votre service cr\u00e9ativit\u00e9, expertise et engagement RSE pour :<br>\u2022 Proposer des id\u00e9es innovantes<br>\u2022 Valoriser votre image de marque<br>\u2022 Cr\u00e9er une exp\u00e9rience marquante<br>\u2022 Faire parler de vous avant, pendant et apr\u00e8s l\u2019\u00e9v\u00e9nement<\/p><\/div><\/div><\/div>\n<\/div>\n<\/div>\n\n\n\n<div class=\"wp-block-essential-blocks-button  root-eb-button-cm35k\"><div class=\"eb-parent-wrapper eb-parent-eb-button-cm35k \"><div class=\"eb-button-wrapper eb-button-alignment eb-button-cm35k\"><div class=\"eb-button\"><div class=\"eb-button-inner-wrapper \"><a class=\"eb-button-anchor hvr-sweep-to-left  \" href=\"https:\/\/solopub.fr\/index.php\/contactez-nous\/\" rel=\"noopener\"><strong>Cr\u00e9ons votre \u00e9v\u00e9nement<\/strong> !<\/a><\/div><\/div><\/div><\/div><\/div>\n\n\n\n<h2 class=\"wp-block-heading has-text-align-center\"><strong>NOS R\u00c9ALISATIONS<\/strong><\/h2>\n\n\n\n<div style=\"height:3px\" aria-hidden=\"true\" class=\"wp-block-spacer\"><\/div>\n\n\n<div class=\"kb-gallery-wrap-id-343_fde289-b3 alignnone wp-block-kadence-advancedgallery\"><ul class=\"kb-gallery-ul kb-gallery-non-static kb-gallery-type-grid kb-gallery-id-343_fde289-b3 kb-gallery-caption-style-bottom-hover kb-gallery-filter-none\" data-image-filter=\"none\" data-item-selector=\".kadence-blocks-gallery-item\" data-lightbox-caption=\"true\" data-columns-xxl=\"3\" data-columns-xl=\"3\" data-columns-md=\"3\" data-columns-sm=\"2\" data-columns-xs=\"2\" data-columns-ss=\"2\"><li class=\"kadence-blocks-gallery-item\" tabindex=\"0\"><div class=\"kadence-blocks-gallery-item-inner\"><figure class=\"kb-gallery-figure kadence-blocks-gallery-item-hide-caption\"><div class=\"kb-gal-image-radius\"><div class=\"kb-gallery-image-contain kadence-blocks-gallery-intrinsic kb-gallery-image-ratio-square kb-has-image-ratio-square\" ><img loading=\"lazy\" decoding=\"async\" src=\"https:\/\/solopub.fr\/wp-content\/uploads\/2026\/02\/IMG_0411.jpg\" width=\"911\" height=\"607\" alt=\"\" data-full-image=\"https:\/\/solopub.fr\/wp-content\/uploads\/2026\/02\/IMG_0411.jpg\" data-light-image=\"https:\/\/solopub.fr\/wp-content\/uploads\/2026\/02\/IMG_0411.jpg\" data-id=\"556\" class=\"wp-image-556\" srcset=\"https:\/\/solopub.fr\/wp-content\/uploads\/2026\/02\/IMG_0411.jpg 911w, https:\/\/solopub.fr\/wp-content\/uploads\/2026\/02\/IMG_0411-300x200.jpg 300w, https:\/\/solopub.fr\/wp-content\/uploads\/2026\/02\/IMG_0411-768x512.jpg 768w\" sizes=\"auto, (max-width: 911px) 100vw, 911px\" \/><\/div><\/div><\/figure><\/div><\/li><li class=\"kadence-blocks-gallery-item\" tabindex=\"0\"><div class=\"kadence-blocks-gallery-item-inner\"><figure class=\"kb-gallery-figure kadence-blocks-gallery-item-hide-caption\"><div class=\"kb-gal-image-radius\"><div class=\"kb-gallery-image-contain kadence-blocks-gallery-intrinsic kb-gallery-image-ratio-square kb-has-image-ratio-square\" ><img loading=\"lazy\" decoding=\"async\" src=\"https:\/\/solopub.fr\/wp-content\/uploads\/2026\/02\/IMG_0410.jpg\" width=\"911\" height=\"607\" alt=\"\" data-full-image=\"https:\/\/solopub.fr\/wp-content\/uploads\/2026\/02\/IMG_0410.jpg\" data-light-image=\"https:\/\/solopub.fr\/wp-content\/uploads\/2026\/02\/IMG_0410.jpg\" data-id=\"558\" class=\"wp-image-558\" srcset=\"https:\/\/solopub.fr\/wp-content\/uploads\/2026\/02\/IMG_0410.jpg 911w, https:\/\/solopub.fr\/wp-content\/uploads\/2026\/02\/IMG_0410-300x200.jpg 300w, https:\/\/solopub.fr\/wp-content\/uploads\/2026\/02\/IMG_0410-768x512.jpg 768w\" sizes=\"auto, (max-width: 911px) 100vw, 911px\" \/><\/div><\/div><\/figure><\/div><\/li><li class=\"kadence-blocks-gallery-item\" tabindex=\"0\"><div class=\"kadence-blocks-gallery-item-inner\"><figure class=\"kb-gallery-figure kadence-blocks-gallery-item-hide-caption\"><div class=\"kb-gal-image-radius\"><div class=\"kb-gallery-image-contain kadence-blocks-gallery-intrinsic kb-gallery-image-ratio-square kb-has-image-ratio-square\" ><img loading=\"lazy\" decoding=\"async\" src=\"https:\/\/solopub.fr\/wp-content\/uploads\/2026\/02\/IMG_3414.jpg\" width=\"455\" height=\"607\" alt=\"\" data-full-image=\"https:\/\/solopub.fr\/wp-content\/uploads\/2026\/02\/IMG_3414.jpg\" data-light-image=\"https:\/\/solopub.fr\/wp-content\/uploads\/2026\/02\/IMG_3414.jpg\" data-id=\"700\" class=\"wp-image-700\" srcset=\"https:\/\/solopub.fr\/wp-content\/uploads\/2026\/02\/IMG_3414.jpg 455w, https:\/\/solopub.fr\/wp-content\/uploads\/2026\/02\/IMG_3414-225x300.jpg 225w\" sizes=\"auto, (max-width: 455px) 100vw, 455px\" \/><\/div><\/div><\/figure><\/div><\/li><li class=\"kadence-blocks-gallery-item\" tabindex=\"0\"><div class=\"kadence-blocks-gallery-item-inner\"><figure class=\"kb-gallery-figure kadence-blocks-gallery-item-hide-caption\"><div class=\"kb-gal-image-radius\"><div class=\"kb-gallery-image-contain kadence-blocks-gallery-intrinsic kb-gallery-image-ratio-square kb-has-image-ratio-square\" ><img loading=\"lazy\" decoding=\"async\" src=\"https:\/\/solopub.fr\/wp-content\/uploads\/2026\/02\/FB_IMG_1641895120679.jpg\" width=\"911\" height=\"607\" alt=\"\" data-full-image=\"https:\/\/solopub.fr\/wp-content\/uploads\/2026\/02\/FB_IMG_1641895120679.jpg\" data-light-image=\"https:\/\/solopub.fr\/wp-content\/uploads\/2026\/02\/FB_IMG_1641895120679.jpg\" data-id=\"698\" class=\"wp-image-698\" srcset=\"https:\/\/solopub.fr\/wp-content\/uploads\/2026\/02\/FB_IMG_1641895120679.jpg 911w, https:\/\/solopub.fr\/wp-content\/uploads\/2026\/02\/FB_IMG_1641895120679-300x200.jpg 300w, https:\/\/solopub.fr\/wp-content\/uploads\/2026\/02\/FB_IMG_1641895120679-768x512.jpg 768w\" sizes=\"auto, (max-width: 911px) 100vw, 911px\" \/><\/div><\/div><\/figure><\/div><\/li><li class=\"kadence-blocks-gallery-item\" tabindex=\"0\"><div class=\"kadence-blocks-gallery-item-inner\"><figure class=\"kb-gallery-figure kadence-blocks-gallery-item-hide-caption\"><div class=\"kb-gal-image-radius\"><div class=\"kb-gallery-image-contain kadence-blocks-gallery-intrinsic kb-gallery-image-ratio-square kb-has-image-ratio-square\" ><img loading=\"lazy\" decoding=\"async\" src=\"https:\/\/solopub.fr\/wp-content\/uploads\/2026\/02\/IMG_2335.jpg\" width=\"341\" height=\"607\" alt=\"\" data-full-image=\"https:\/\/solopub.fr\/wp-content\/uploads\/2026\/02\/IMG_2335.jpg\" data-light-image=\"https:\/\/solopub.fr\/wp-content\/uploads\/2026\/02\/IMG_2335.jpg\" data-id=\"697\" class=\"wp-image-697\" srcset=\"https:\/\/solopub.fr\/wp-content\/uploads\/2026\/02\/IMG_2335.jpg 341w, https:\/\/solopub.fr\/wp-content\/uploads\/2026\/02\/IMG_2335-169x300.jpg 169w\" sizes=\"auto, (max-width: 341px) 100vw, 341px\" \/><\/div><\/div><\/figure><\/div><\/li><li class=\"kadence-blocks-gallery-item\" tabindex=\"0\"><div class=\"kadence-blocks-gallery-item-inner\"><figure class=\"kb-gallery-figure kadence-blocks-gallery-item-hide-caption\"><div class=\"kb-gal-image-radius\"><div class=\"kb-gallery-image-contain kadence-blocks-gallery-intrinsic kb-gallery-image-ratio-square kb-has-image-ratio-square\" ><img loading=\"lazy\" decoding=\"async\" src=\"https:\/\/solopub.fr\/wp-content\/uploads\/2026\/02\/IMG_6099.jpg\" width=\"809\" height=\"607\" alt=\"\" data-full-image=\"https:\/\/solopub.fr\/wp-content\/uploads\/2026\/02\/IMG_6099.jpg\" data-light-image=\"https:\/\/solopub.fr\/wp-content\/uploads\/2026\/02\/IMG_6099.jpg\" data-id=\"696\" class=\"wp-image-696\" srcset=\"https:\/\/solopub.fr\/wp-content\/uploads\/2026\/02\/IMG_6099.jpg 809w, https:\/\/solopub.fr\/wp-content\/uploads\/2026\/02\/IMG_6099-300x225.jpg 300w, https:\/\/solopub.fr\/wp-content\/uploads\/2026\/02\/IMG_6099-768x576.jpg 768w\" sizes=\"auto, (max-width: 809px) 100vw, 809px\" \/><\/div><\/div><\/figure><\/div><\/li><li class=\"kadence-blocks-gallery-item\" tabindex=\"0\"><div class=\"kadence-blocks-gallery-item-inner\"><figure class=\"kb-gallery-figure kadence-blocks-gallery-item-hide-caption\"><div class=\"kb-gal-image-radius\"><div class=\"kb-gallery-image-contain kadence-blocks-gallery-intrinsic kb-gallery-image-ratio-square kb-has-image-ratio-square\" ><img loading=\"lazy\" decoding=\"async\" src=\"https:\/\/solopub.fr\/wp-content\/uploads\/2026\/02\/IMG_3385.jpg\" width=\"455\" height=\"607\" alt=\"\" data-full-image=\"https:\/\/solopub.fr\/wp-content\/uploads\/2026\/02\/IMG_3385.jpg\" data-light-image=\"https:\/\/solopub.fr\/wp-content\/uploads\/2026\/02\/IMG_3385.jpg\" data-id=\"543\" class=\"wp-image-543\" srcset=\"https:\/\/solopub.fr\/wp-content\/uploads\/2026\/02\/IMG_3385.jpg 455w, https:\/\/solopub.fr\/wp-content\/uploads\/2026\/02\/IMG_3385-225x300.jpg 225w\" sizes=\"auto, (max-width: 455px) 100vw, 455px\" \/><\/div><\/div><\/figure><\/div><\/li><li class=\"kadence-blocks-gallery-item\" tabindex=\"0\"><div class=\"kadence-blocks-gallery-item-inner\"><figure class=\"kb-gallery-figure kadence-blocks-gallery-item-hide-caption\"><div class=\"kb-gal-image-radius\"><div class=\"kb-gallery-image-contain kadence-blocks-gallery-intrinsic kb-gallery-image-ratio-square kb-has-image-ratio-square\" ><img loading=\"lazy\" decoding=\"async\" src=\"https:\/\/solopub.fr\/wp-content\/uploads\/2026\/02\/IMG_20210122_155517-1.jpg\" width=\"809\" height=\"607\" alt=\"\" data-full-image=\"https:\/\/solopub.fr\/wp-content\/uploads\/2026\/02\/IMG_20210122_155517-1.jpg\" data-light-image=\"https:\/\/solopub.fr\/wp-content\/uploads\/2026\/02\/IMG_20210122_155517-1.jpg\" data-id=\"749\" class=\"wp-image-749\" srcset=\"https:\/\/solopub.fr\/wp-content\/uploads\/2026\/02\/IMG_20210122_155517-1.jpg 809w, https:\/\/solopub.fr\/wp-content\/uploads\/2026\/02\/IMG_20210122_155517-1-300x225.jpg 300w, https:\/\/solopub.fr\/wp-content\/uploads\/2026\/02\/IMG_20210122_155517-1-768x576.jpg 768w\" sizes=\"auto, (max-width: 809px) 100vw, 809px\" \/><\/div><\/div><\/figure><\/div><\/li><li class=\"kadence-blocks-gallery-item\" tabindex=\"0\"><div class=\"kadence-blocks-gallery-item-inner\"><figure class=\"kb-gallery-figure kadence-blocks-gallery-item-hide-caption\"><div class=\"kb-gal-image-radius\"><div class=\"kb-gallery-image-contain kadence-blocks-gallery-intrinsic kb-gallery-image-ratio-square kb-has-image-ratio-square\" ><img loading=\"lazy\" decoding=\"async\" src=\"https:\/\/solopub.fr\/wp-content\/uploads\/2026\/02\/FB_IMG_1641894980812-1.jpg\" width=\"911\" height=\"607\" alt=\"\" data-full-image=\"https:\/\/solopub.fr\/wp-content\/uploads\/2026\/02\/FB_IMG_1641894980812-1.jpg\" data-light-image=\"https:\/\/solopub.fr\/wp-content\/uploads\/2026\/02\/FB_IMG_1641894980812-1.jpg\" data-id=\"750\" class=\"wp-image-750\" srcset=\"https:\/\/solopub.fr\/wp-content\/uploads\/2026\/02\/FB_IMG_1641894980812-1.jpg 911w, https:\/\/solopub.fr\/wp-content\/uploads\/2026\/02\/FB_IMG_1641894980812-1-300x200.jpg 300w, https:\/\/solopub.fr\/wp-content\/uploads\/2026\/02\/FB_IMG_1641894980812-1-768x512.jpg 768w\" sizes=\"auto, (max-width: 911px) 100vw, 911px\" \/><\/div><\/div><\/figure><\/div><\/li><li class=\"kadence-blocks-gallery-item\" tabindex=\"0\"><div class=\"kadence-blocks-gallery-item-inner\"><figure class=\"kb-gallery-figure kadence-blocks-gallery-item-hide-caption\"><div class=\"kb-gal-image-radius\"><div class=\"kb-gallery-image-contain kadence-blocks-gallery-intrinsic kb-gallery-image-ratio-square kb-has-image-ratio-square\" ><img loading=\"lazy\" decoding=\"async\" src=\"https:\/\/solopub.fr\/wp-content\/uploads\/2026\/02\/IMG_3682.webp\" width=\"188\" height=\"250\" alt=\"\" data-full-image=\"https:\/\/solopub.fr\/wp-content\/uploads\/2026\/02\/IMG_3682.webp\" data-light-image=\"https:\/\/solopub.fr\/wp-content\/uploads\/2026\/02\/IMG_3682.webp\" data-id=\"1159\" class=\"wp-image-1159\"\/><\/div><\/div><\/figure><\/div><\/li><li class=\"kadence-blocks-gallery-item\" tabindex=\"0\"><div class=\"kadence-blocks-gallery-item-inner\"><figure class=\"kb-gallery-figure kadence-blocks-gallery-item-hide-caption\"><div class=\"kb-gal-image-radius\"><div class=\"kb-gallery-image-contain kadence-blocks-gallery-intrinsic kb-gallery-image-ratio-square kb-has-image-ratio-square\" ><img loading=\"lazy\" decoding=\"async\" src=\"https:\/\/solopub.fr\/wp-content\/uploads\/2026\/02\/IMG_3081.jpg\" width=\"405\" height=\"607\" alt=\"\" data-full-image=\"https:\/\/solopub.fr\/wp-content\/uploads\/2026\/02\/IMG_3081.jpg\" data-light-image=\"https:\/\/solopub.fr\/wp-content\/uploads\/2026\/02\/IMG_3081.jpg\" data-id=\"1170\" class=\"wp-image-1170\" srcset=\"https:\/\/solopub.fr\/wp-content\/uploads\/2026\/02\/IMG_3081.jpg 405w, https:\/\/solopub.fr\/wp-content\/uploads\/2026\/02\/IMG_3081-200x300.jpg 200w\" sizes=\"auto, (max-width: 405px) 100vw, 405px\" \/><\/div><\/div><\/figure><\/div><\/li><\/ul><\/div>\n\n\n<p><\/p>\n","protected":false},"excerpt":{"rendered":"<p>NOS R\u00c9ALISATIONS<\/p>\n","protected":false},"author":1,"featured_media":0,"parent":0,"menu_order":0,"comment_status":"closed","ping_status":"closed","template":"","meta":{"_eb_attr":"","footnotes":""},"class_list":["post-343","page","type-page","status-publish","hentry"],"_links":{"self":[{"href":"https:\/\/solopub.fr\/index.php\/wp-json\/wp\/v2\/pages\/343","targetHints":{"allow":["GET"]}}],"collection":[{"href":"https:\/\/solopub.fr\/index.php\/wp-json\/wp\/v2\/pages"}],"about":[{"href":"https:\/\/solopub.fr\/index.php\/wp-json\/wp\/v2\/types\/page"}],"author":[{"embeddable":true,"href":"https:\/\/solopub.fr\/index.php\/wp-json\/wp\/v2\/users\/1"}],"replies":[{"embeddable":true,"href":"https:\/\/solopub.fr\/index.php\/wp-json\/wp\/v2\/comments?post=343"}],"version-history":[{"count":35,"href":"https:\/\/solopub.fr\/index.php\/wp-json\/wp\/v2\/pages\/343\/revisions"}],"predecessor-version":[{"id":1171,"href":"https:\/\/solopub.fr\/index.php\/wp-json\/wp\/v2\/pages\/343\/revisions\/1171"}],"wp:attachment":[{"href":"https:\/\/solopub.fr\/index.php\/wp-json\/wp\/v2\/media?parent=343"}],"curies":[{"name":"wp","href":"https:\/\/api.w.org\/{rel}","templated":true}]}}