{"id":345,"date":"2026-02-10T20:38:17","date_gmt":"2026-02-10T20:38:17","guid":{"rendered":"https:\/\/solopub.fr\/?page_id=345"},"modified":"2026-02-24T10:48:56","modified_gmt":"2026-02-24T10:48:56","slug":"stand","status":"publish","type":"page","link":"https:\/\/solopub.fr\/index.php\/stand\/","title":{"rendered":"STAND"},"content":{"rendered":"\n<div class=\"wp-block-columns is-layout-flex wp-container-core-columns-is-layout-fef0e728 wp-block-columns-is-layout-flex\">\n<div class=\"wp-block-column is-vertically-aligned-center is-layout-flow wp-block-column-is-layout-flow\" style=\"flex-basis:70%\">\n<figure class=\"wp-block-video\"><video height=\"384\" style=\"aspect-ratio: 848 \/ 384;\" width=\"848\" autoplay loop muted src=\"https:\/\/solopub.fr\/wp-content\/uploads\/2026\/02\/4d88428a-488d-4608-852b-ab947c7650e6.mov\" playsinline><\/video><\/figure>\n<\/div>\n\n\n\n<div class=\"wp-block-column is-vertically-aligned-center is-layout-flow wp-block-column-is-layout-flow\" style=\"flex-basis:30%\">\n<div class=\"wp-block-group is-layout-flow wp-block-group-is-layout-flow\" style=\"padding-right:0;padding-left:0\">\n<div class=\"wp-block-essential-blocks-button  root-eb-button-bydmw\"><div class=\"eb-parent-wrapper eb-parent-eb-button-bydmw \"><div class=\"eb-button-wrapper eb-button-alignment eb-button-bydmw\"><div class=\"eb-button\"><div class=\"eb-button-inner-wrapper \"><a class=\"eb-button-anchor hvr-sweep-to-left  \" href=\"https:\/\/solopub.fr\/index.php\/stand-hybride\/\" rel=\"noopener\"><strong>Stand Hybride<\/strong><\/a><\/div><\/div><\/div><\/div><\/div>\n\n\n\n<div class=\"wp-block-essential-blocks-button  root-eb-button-rkr69\"><div class=\"eb-parent-wrapper eb-parent-eb-button-rkr69 \"><div class=\"eb-button-wrapper eb-button-alignment eb-button-rkr69\"><div class=\"eb-button\"><div class=\"eb-button-inner-wrapper \"><a class=\"eb-button-anchor hvr-sweep-to-left  \" href=\"https:\/\/solopub.fr\/index.php\/stand-sur-mesure\/\" rel=\"noopener\"><strong>Stand sur mesure<\/strong><\/a><\/div><\/div><\/div><\/div><\/div>\n\n\n\n<div class=\"wp-block-essential-blocks-button  root-eb-button-rnfze\"><div class=\"eb-parent-wrapper eb-parent-eb-button-rnfze \"><div class=\"eb-button-wrapper eb-button-alignment eb-button-rnfze\"><div class=\"eb-button\"><div class=\"eb-button-inner-wrapper \"><a class=\"eb-button-anchor hvr-sweep-to-left  \" href=\"https:\/\/solopub.fr\/index.php\/stand-modulable\/\" rel=\"noopener\"><strong>\u00a0Stand modulable<\/strong><\/a><\/div><\/div><\/div><\/div><\/div>\n<\/div>\n<\/div>\n<\/div>\n\n\n\n<hr class=\"wp-block-separator has-alpha-channel-opacity is-style-wide\"\/>\n\n\n\n<div class=\"wp-block-columns is-layout-flex wp-container-core-columns-is-layout-e0e4babd wp-block-columns-is-layout-flex\" style=\"padding-right:0;padding-left:0\">\n<div class=\"wp-block-column is-vertically-aligned-center is-layout-flow wp-block-column-is-layout-flow\" style=\"flex-basis:500px\">\n<h2 class=\"wp-block-heading has-text-align-right\" style=\"font-size:clamp(23.54px, 1.471rem + ((1vw - 3.2px) * 1.885), 39px);\"><strong>Des stands sur mesure d\u2019exception,<br>imagin\u00e9s et con\u00e7us <\/strong><\/h2>\n<\/div>\n\n\n\n<div class=\"wp-block-column is-style-section-2 is-layout-flow wp-block-column-is-layout-flow is-style-section-2--1\" style=\"flex-basis:1px\"><\/div>\n\n\n\n<div class=\"wp-block-column is-layout-flow wp-block-column-is-layout-flow\">\n<div class=\"wp-block-essential-blocks-text  root-eb-text-c4dk6\"><div class=\"eb-parent-wrapper eb-parent-eb-text-c4dk6 \"><div class=\"eb-text-wrapper eb-text-c4dk6\" data-id=\"eb-text-c4dk6\"><p class=\"eb-text\">Affirmer votre identit\u00e9 de marque, lancer un nouveau produit ou service, renforcer la relation avec vos clients\u2026 <br><br>les objectifs d\u2019un salon professionnel sont multiples et strat\u00e9giques.<br><strong>Solo Pub<\/strong> vous apporte une r\u00e9ponse cr\u00e9ative et technique sur mesure, adapt\u00e9e \u00e0 vos besoins et \u00e0 vos enjeux.<br>Stand traditionnel, stand modulable ou stand hybride : nous concevons des solutions performantes pour valoriser votre pr\u00e9sence et maximiser votre impact lors de chaque \u00e9v\u00e9nement.<\/p><\/div><\/div><\/div>\n<\/div>\n<\/div>\n\n\n\n<h3 class=\"wp-block-heading has-text-align-center\"><strong>NOS R\u00c9ALISATIONS<\/strong><\/h3>\n\n\n\n<div style=\"height:11px\" aria-hidden=\"true\" class=\"wp-block-spacer\"><\/div>\n\n\n<div class=\"kb-gallery-wrap-id-345_a34dd2-2e alignnone wp-block-kadence-advancedgallery\"><ul class=\"kb-gallery-ul kb-gallery-non-static kb-gallery-type-grid kb-gallery-id-345_a34dd2-2e kb-gallery-caption-style-bottom-hover kb-gallery-filter-none\" data-image-filter=\"none\" data-item-selector=\".kadence-blocks-gallery-item\" data-lightbox-caption=\"true\" data-columns-xxl=\"3\" data-columns-xl=\"3\" data-columns-md=\"3\" data-columns-sm=\"2\" data-columns-xs=\"2\" data-columns-ss=\"2\"><li class=\"kadence-blocks-gallery-item\" tabindex=\"0\"><div class=\"kadence-blocks-gallery-item-inner\"><figure class=\"kb-gallery-figure kadence-blocks-gallery-item-hide-caption\"><div class=\"kb-gal-image-radius\"><div class=\"kb-gallery-image-contain kadence-blocks-gallery-intrinsic kb-gallery-image-ratio-square kb-has-image-ratio-square\" ><img loading=\"lazy\" decoding=\"async\" src=\"https:\/\/solopub.fr\/wp-content\/uploads\/2026\/02\/744ce9e9-0656-4d0d-b3b3-255090931460-1024x768.png\" width=\"1024\" height=\"768\" alt=\"\" data-full-image=\"https:\/\/solopub.fr\/wp-content\/uploads\/2026\/02\/744ce9e9-0656-4d0d-b3b3-255090931460.png\" data-light-image=\"https:\/\/solopub.fr\/wp-content\/uploads\/2026\/02\/744ce9e9-0656-4d0d-b3b3-255090931460.png\" data-id=\"1128\" class=\"wp-image-1128\" srcset=\"https:\/\/solopub.fr\/wp-content\/uploads\/2026\/02\/744ce9e9-0656-4d0d-b3b3-255090931460-1024x768.png 1024w, https:\/\/solopub.fr\/wp-content\/uploads\/2026\/02\/744ce9e9-0656-4d0d-b3b3-255090931460-300x225.png 300w, https:\/\/solopub.fr\/wp-content\/uploads\/2026\/02\/744ce9e9-0656-4d0d-b3b3-255090931460-768x576.png 768w, https:\/\/solopub.fr\/wp-content\/uploads\/2026\/02\/744ce9e9-0656-4d0d-b3b3-255090931460.png 1280w\" sizes=\"auto, (max-width: 1024px) 100vw, 1024px\" \/><\/div><\/div><\/figure><\/div><\/li><li class=\"kadence-blocks-gallery-item\" tabindex=\"0\"><div class=\"kadence-blocks-gallery-item-inner\"><figure class=\"kb-gallery-figure kadence-blocks-gallery-item-hide-caption\"><div class=\"kb-gal-image-radius\"><div class=\"kb-gallery-image-contain kadence-blocks-gallery-intrinsic kb-gallery-image-ratio-square kb-has-image-ratio-square\" ><img loading=\"lazy\" decoding=\"async\" src=\"https:\/\/solopub.fr\/wp-content\/uploads\/2026\/02\/IMG_1038.jpg\" width=\"809\" height=\"607\" alt=\"\" data-full-image=\"https:\/\/solopub.fr\/wp-content\/uploads\/2026\/02\/IMG_1038.jpg\" data-light-image=\"https:\/\/solopub.fr\/wp-content\/uploads\/2026\/02\/IMG_1038.jpg\" data-id=\"560\" class=\"wp-image-560\" srcset=\"https:\/\/solopub.fr\/wp-content\/uploads\/2026\/02\/IMG_1038.jpg 809w, https:\/\/solopub.fr\/wp-content\/uploads\/2026\/02\/IMG_1038-300x225.jpg 300w, https:\/\/solopub.fr\/wp-content\/uploads\/2026\/02\/IMG_1038-768x576.jpg 768w\" sizes=\"auto, (max-width: 809px) 100vw, 809px\" \/><\/div><\/div><\/figure><\/div><\/li><li class=\"kadence-blocks-gallery-item\" tabindex=\"0\"><div class=\"kadence-blocks-gallery-item-inner\"><figure class=\"kb-gallery-figure kadence-blocks-gallery-item-hide-caption\"><div class=\"kb-gal-image-radius\"><div class=\"kb-gallery-image-contain kadence-blocks-gallery-intrinsic kb-gallery-image-ratio-square kb-has-image-ratio-square\" ><img loading=\"lazy\" decoding=\"async\" src=\"https:\/\/solopub.fr\/wp-content\/uploads\/2026\/02\/IMG_1402.jpg\" width=\"809\" height=\"607\" alt=\"\" data-full-image=\"https:\/\/solopub.fr\/wp-content\/uploads\/2026\/02\/IMG_1402.jpg\" data-light-image=\"https:\/\/solopub.fr\/wp-content\/uploads\/2026\/02\/IMG_1402.jpg\" data-id=\"539\" class=\"wp-image-539\" srcset=\"https:\/\/solopub.fr\/wp-content\/uploads\/2026\/02\/IMG_1402.jpg 809w, https:\/\/solopub.fr\/wp-content\/uploads\/2026\/02\/IMG_1402-300x225.jpg 300w, https:\/\/solopub.fr\/wp-content\/uploads\/2026\/02\/IMG_1402-768x576.jpg 768w\" sizes=\"auto, (max-width: 809px) 100vw, 809px\" \/><\/div><\/div><\/figure><\/div><\/li><li class=\"kadence-blocks-gallery-item\" tabindex=\"0\"><div class=\"kadence-blocks-gallery-item-inner\"><figure class=\"kb-gallery-figure kadence-blocks-gallery-item-hide-caption\"><div class=\"kb-gal-image-radius\"><div class=\"kb-gallery-image-contain kadence-blocks-gallery-intrinsic kb-gallery-image-ratio-square kb-has-image-ratio-square\" ><img loading=\"lazy\" decoding=\"async\" src=\"https:\/\/solopub.fr\/wp-content\/uploads\/2026\/02\/IMG_1060.jpg\" width=\"809\" height=\"607\" alt=\"\" data-full-image=\"https:\/\/solopub.fr\/wp-content\/uploads\/2026\/02\/IMG_1060.jpg\" data-light-image=\"https:\/\/solopub.fr\/wp-content\/uploads\/2026\/02\/IMG_1060.jpg\" data-id=\"551\" class=\"wp-image-551\" srcset=\"https:\/\/solopub.fr\/wp-content\/uploads\/2026\/02\/IMG_1060.jpg 809w, https:\/\/solopub.fr\/wp-content\/uploads\/2026\/02\/IMG_1060-300x225.jpg 300w, https:\/\/solopub.fr\/wp-content\/uploads\/2026\/02\/IMG_1060-768x576.jpg 768w\" sizes=\"auto, (max-width: 809px) 100vw, 809px\" \/><\/div><\/div><\/figure><\/div><\/li><li class=\"kadence-blocks-gallery-item\" tabindex=\"0\"><div class=\"kadence-blocks-gallery-item-inner\"><figure class=\"kb-gallery-figure kadence-blocks-gallery-item-hide-caption\"><div class=\"kb-gal-image-radius\"><div class=\"kb-gallery-image-contain kadence-blocks-gallery-intrinsic kb-gallery-image-ratio-square kb-has-image-ratio-square\" ><img loading=\"lazy\" decoding=\"async\" src=\"https:\/\/solopub.fr\/wp-content\/uploads\/2026\/02\/IMG_0575.jpg\" width=\"455\" height=\"607\" alt=\"\" data-full-image=\"https:\/\/solopub.fr\/wp-content\/uploads\/2026\/02\/IMG_0575.jpg\" data-light-image=\"https:\/\/solopub.fr\/wp-content\/uploads\/2026\/02\/IMG_0575.jpg\" data-id=\"695\" class=\"wp-image-695\" srcset=\"https:\/\/solopub.fr\/wp-content\/uploads\/2026\/02\/IMG_0575.jpg 455w, https:\/\/solopub.fr\/wp-content\/uploads\/2026\/02\/IMG_0575-225x300.jpg 225w\" sizes=\"auto, (max-width: 455px) 100vw, 455px\" \/><\/div><\/div><\/figure><\/div><\/li><li class=\"kadence-blocks-gallery-item\" tabindex=\"0\"><div class=\"kadence-blocks-gallery-item-inner\"><figure class=\"kb-gallery-figure kadence-blocks-gallery-item-hide-caption\"><div class=\"kb-gal-image-radius\"><div class=\"kb-gallery-image-contain kadence-blocks-gallery-intrinsic kb-gallery-image-ratio-square kb-has-image-ratio-square\" ><img loading=\"lazy\" decoding=\"async\" src=\"https:\/\/solopub.fr\/wp-content\/uploads\/2026\/02\/5b34c7e8-5a52-4fc2-811f-51cb9f368902-1.png\" width=\"884\" height=\"903\" alt=\"\" data-full-image=\"https:\/\/solopub.fr\/wp-content\/uploads\/2026\/02\/5b34c7e8-5a52-4fc2-811f-51cb9f368902-1.png\" data-light-image=\"https:\/\/solopub.fr\/wp-content\/uploads\/2026\/02\/5b34c7e8-5a52-4fc2-811f-51cb9f368902-1.png\" data-id=\"1127\" class=\"wp-image-1127\" srcset=\"https:\/\/solopub.fr\/wp-content\/uploads\/2026\/02\/5b34c7e8-5a52-4fc2-811f-51cb9f368902-1.png 884w, https:\/\/solopub.fr\/wp-content\/uploads\/2026\/02\/5b34c7e8-5a52-4fc2-811f-51cb9f368902-1-294x300.png 294w, https:\/\/solopub.fr\/wp-content\/uploads\/2026\/02\/5b34c7e8-5a52-4fc2-811f-51cb9f368902-1-768x785.png 768w\" sizes=\"auto, (max-width: 884px) 100vw, 884px\" \/><\/div><\/div><\/figure><\/div><\/li><li class=\"kadence-blocks-gallery-item\" tabindex=\"0\"><div class=\"kadence-blocks-gallery-item-inner\"><figure class=\"kb-gallery-figure kadence-blocks-gallery-item-hide-caption\"><div class=\"kb-gal-image-radius\"><div class=\"kb-gallery-image-contain kadence-blocks-gallery-intrinsic kb-gallery-image-ratio-square kb-has-image-ratio-square\" ><img loading=\"lazy\" decoding=\"async\" src=\"https:\/\/solopub.fr\/wp-content\/uploads\/2026\/02\/IMG_5745.jpg\" width=\"809\" height=\"607\" alt=\"\" data-full-image=\"https:\/\/solopub.fr\/wp-content\/uploads\/2026\/02\/IMG_5745.jpg\" data-light-image=\"https:\/\/solopub.fr\/wp-content\/uploads\/2026\/02\/IMG_5745.jpg\" data-id=\"1181\" class=\"wp-image-1181\" srcset=\"https:\/\/solopub.fr\/wp-content\/uploads\/2026\/02\/IMG_5745.jpg 809w, https:\/\/solopub.fr\/wp-content\/uploads\/2026\/02\/IMG_5745-300x225.jpg 300w, https:\/\/solopub.fr\/wp-content\/uploads\/2026\/02\/IMG_5745-768x576.jpg 768w\" sizes=\"auto, (max-width: 809px) 100vw, 809px\" \/><\/div><\/div><\/figure><\/div><\/li><li class=\"kadence-blocks-gallery-item\" tabindex=\"0\"><div class=\"kadence-blocks-gallery-item-inner\"><figure class=\"kb-gallery-figure kadence-blocks-gallery-item-hide-caption\"><div class=\"kb-gal-image-radius\"><div class=\"kb-gallery-image-contain kadence-blocks-gallery-intrinsic kb-gallery-image-ratio-square kb-has-image-ratio-square\" ><img loading=\"lazy\" decoding=\"async\" src=\"https:\/\/solopub.fr\/wp-content\/uploads\/2026\/02\/IMG_5750.jpg\" width=\"809\" height=\"607\" alt=\"\" data-full-image=\"https:\/\/solopub.fr\/wp-content\/uploads\/2026\/02\/IMG_5750.jpg\" data-light-image=\"https:\/\/solopub.fr\/wp-content\/uploads\/2026\/02\/IMG_5750.jpg\" data-id=\"1182\" class=\"wp-image-1182\" srcset=\"https:\/\/solopub.fr\/wp-content\/uploads\/2026\/02\/IMG_5750.jpg 809w, https:\/\/solopub.fr\/wp-content\/uploads\/2026\/02\/IMG_5750-300x225.jpg 300w, https:\/\/solopub.fr\/wp-content\/uploads\/2026\/02\/IMG_5750-768x576.jpg 768w\" sizes=\"auto, (max-width: 809px) 100vw, 809px\" \/><\/div><\/div><\/figure><\/div><\/li><li class=\"kadence-blocks-gallery-item\" tabindex=\"0\"><div class=\"kadence-blocks-gallery-item-inner\"><figure class=\"kb-gallery-figure kadence-blocks-gallery-item-hide-caption\"><div class=\"kb-gal-image-radius\"><div class=\"kb-gallery-image-contain kadence-blocks-gallery-intrinsic kb-gallery-image-ratio-square kb-has-image-ratio-square\" ><img loading=\"lazy\" decoding=\"async\" src=\"https:\/\/solopub.fr\/wp-content\/uploads\/2026\/02\/0b15e8a5-98b3-4c9d-b9d4-b19cc430ab7b-1024x415.png\" width=\"1024\" height=\"415\" alt=\"\" data-full-image=\"https:\/\/solopub.fr\/wp-content\/uploads\/2026\/02\/0b15e8a5-98b3-4c9d-b9d4-b19cc430ab7b.png\" data-light-image=\"https:\/\/solopub.fr\/wp-content\/uploads\/2026\/02\/0b15e8a5-98b3-4c9d-b9d4-b19cc430ab7b.png\" data-id=\"1213\" class=\"wp-image-1213\" srcset=\"https:\/\/solopub.fr\/wp-content\/uploads\/2026\/02\/0b15e8a5-98b3-4c9d-b9d4-b19cc430ab7b-1024x415.png 1024w, https:\/\/solopub.fr\/wp-content\/uploads\/2026\/02\/0b15e8a5-98b3-4c9d-b9d4-b19cc430ab7b-300x122.png 300w, https:\/\/solopub.fr\/wp-content\/uploads\/2026\/02\/0b15e8a5-98b3-4c9d-b9d4-b19cc430ab7b-768x311.png 768w, https:\/\/solopub.fr\/wp-content\/uploads\/2026\/02\/0b15e8a5-98b3-4c9d-b9d4-b19cc430ab7b-1536x622.png 1536w, https:\/\/solopub.fr\/wp-content\/uploads\/2026\/02\/0b15e8a5-98b3-4c9d-b9d4-b19cc430ab7b.png 1600w\" sizes=\"auto, (max-width: 1024px) 100vw, 1024px\" \/><\/div><\/div><\/figure><\/div><\/li><li class=\"kadence-blocks-gallery-item\" tabindex=\"0\"><div class=\"kadence-blocks-gallery-item-inner\"><figure class=\"kb-gallery-figure kadence-blocks-gallery-item-hide-caption\"><div class=\"kb-gal-image-radius\"><div class=\"kb-gallery-image-contain kadence-blocks-gallery-intrinsic kb-gallery-image-ratio-square kb-has-image-ratio-square\" ><img loading=\"lazy\" decoding=\"async\" src=\"https:\/\/solopub.fr\/wp-content\/uploads\/2026\/02\/IMG_5753.jpg\" width=\"809\" height=\"607\" alt=\"\" data-full-image=\"https:\/\/solopub.fr\/wp-content\/uploads\/2026\/02\/IMG_5753.jpg\" data-light-image=\"https:\/\/solopub.fr\/wp-content\/uploads\/2026\/02\/IMG_5753.jpg\" data-id=\"1183\" class=\"wp-image-1183\" srcset=\"https:\/\/solopub.fr\/wp-content\/uploads\/2026\/02\/IMG_5753.jpg 809w, https:\/\/solopub.fr\/wp-content\/uploads\/2026\/02\/IMG_5753-300x225.jpg 300w, https:\/\/solopub.fr\/wp-content\/uploads\/2026\/02\/IMG_5753-768x576.jpg 768w\" sizes=\"auto, (max-width: 809px) 100vw, 809px\" \/><\/div><\/div><\/figure><\/div><\/li><\/ul><\/div>\n\n\n<p><\/p>\n","protected":false},"excerpt":{"rendered":"<p>Des stands sur mesure d\u2019exception,imagin\u00e9s et con\u00e7us NOS R\u00c9ALISATIONS<\/p>\n","protected":false},"author":1,"featured_media":0,"parent":0,"menu_order":0,"comment_status":"closed","ping_status":"closed","template":"","meta":{"_eb_attr":"","footnotes":""},"class_list":["post-345","page","type-page","status-publish","hentry"],"_links":{"self":[{"href":"https:\/\/solopub.fr\/index.php\/wp-json\/wp\/v2\/pages\/345","targetHints":{"allow":["GET"]}}],"collection":[{"href":"https:\/\/solopub.fr\/index.php\/wp-json\/wp\/v2\/pages"}],"about":[{"href":"https:\/\/solopub.fr\/index.php\/wp-json\/wp\/v2\/types\/page"}],"author":[{"embeddable":true,"href":"https:\/\/solopub.fr\/index.php\/wp-json\/wp\/v2\/users\/1"}],"replies":[{"embeddable":true,"href":"https:\/\/solopub.fr\/index.php\/wp-json\/wp\/v2\/comments?post=345"}],"version-history":[{"count":30,"href":"https:\/\/solopub.fr\/index.php\/wp-json\/wp\/v2\/pages\/345\/revisions"}],"predecessor-version":[{"id":1217,"href":"https:\/\/solopub.fr\/index.php\/wp-json\/wp\/v2\/pages\/345\/revisions\/1217"}],"wp:attachment":[{"href":"https:\/\/solopub.fr\/index.php\/wp-json\/wp\/v2\/media?parent=345"}],"curies":[{"name":"wp","href":"https:\/\/api.w.org\/{rel}","templated":true}]}}