{"id":35,"date":"2026-01-30T13:45:55","date_gmt":"2026-01-30T13:45:55","guid":{"rendered":"http:\/\/solopub.fr\/?page_id=35"},"modified":"2026-02-24T09:12:49","modified_gmt":"2026-02-24T09:12:49","slug":"tenue-de-travail-personnalisee","status":"publish","type":"page","link":"https:\/\/solopub.fr\/index.php\/tenue-de-travail-personnalisee\/","title":{"rendered":"Tenue de travail personnalis\u00e9e"},"content":{"rendered":"\n<div class=\"wp-block-columns is-layout-flex wp-container-core-columns-is-layout-eaa07d3a wp-block-columns-is-layout-flex\" style=\"padding-right:0;padding-left:0\">\n<div class=\"wp-block-column is-vertically-aligned-center is-layout-flow wp-block-column-is-layout-flow\" style=\"flex-basis:600px\">\n<div class=\"wp-block-essential-blocks-advanced-heading  root-eb-advance-heading-cumim\"><div class=\"eb-parent-wrapper eb-parent-eb-advance-heading-cumim \"><div class=\"eb-advance-heading-wrapper eb-advance-heading-cumim button-1 undefined\" data-id=\"eb-advance-heading-cumim\"><h2 class=\"eb-ah-title\"><span class=\"first-title\"><strong>Professionnalisme, identit\u00e9 et coh\u00e9rence visuelle<\/strong><\/span><\/h2><\/div><\/div><\/div>\n<\/div>\n\n\n\n<div class=\"wp-block-column is-style-default is-layout-flow wp-block-column-is-layout-flow\" style=\"border-width:1px;flex-basis:0.2px\"><\/div>\n\n\n\n<div class=\"wp-block-column is-layout-flow wp-block-column-is-layout-flow\" style=\"flex-basis:500px\">\n<div class=\"wp-block-essential-blocks-text  root-eb-text-bhiqw\"><div class=\"eb-parent-wrapper eb-parent-eb-text-bhiqw \"><div class=\"eb-text-wrapper eb-text-bhiqw\" data-id=\"eb-text-bhiqw\"><p class=\"eb-text\">Nous cr\u00e9ons des <strong>tenues de travail personnalis\u00e9es<\/strong> qui valorisent votre \u00e9quipe et renforcent l\u2019image de votre entreprise.<br>Du logo brod\u00e9 aux impressions haute qualit\u00e9, chaque d\u00e9tail est pens\u00e9 pour allier <strong>confort, durabilit\u00e9 et impact visuel<\/strong>.<br>\u2714 Polo, t-shirts, vestes, casquettes, blouses\u2026<br>\u2714 Broderie &amp; impression professionnelle<br>\u2714 Couleurs adapt\u00e9es \u00e0 votre charte graphique<br>\u2714 Image coh\u00e9rente et professionnelle<br><br><strong>Une \u00e9quipe bien habill\u00e9e inspire confiance et cr\u00e9dibilit\u00e9 d\u00e8s le premier contact.<\/strong><\/p><\/div><\/div><\/div>\n<\/div>\n<\/div>\n\n\n\n<div class=\"wp-block-essential-blocks-button  root-eb-button-12u6l\"><div class=\"eb-parent-wrapper eb-parent-eb-button-12u6l \"><div class=\"eb-button-wrapper eb-button-alignment eb-button-12u6l\"><div class=\"eb-button\"><div class=\"eb-button-inner-wrapper \"><a class=\"eb-button-anchor hvr-sweep-to-right  \" href=\"https:\/\/solopub.fr\/index.php\/contactez-nous\/\" rel=\"noopener\"><strong>Donnez une image forte \u00e0 votre \u00e9quipe d\u00e8s maintenant<\/strong><\/a><\/div><\/div><\/div><\/div><\/div>\n\n\n<div class=\"kb-gallery-wrap-id-35_7401a7-7f alignnone wp-block-kadence-advancedgallery\"><ul class=\"kb-gallery-ul kb-gallery-non-static kb-gallery-type-grid kb-gallery-id-35_7401a7-7f kb-gallery-caption-style-bottom-hover kb-gallery-filter-none\" data-image-filter=\"none\" data-item-selector=\".kadence-blocks-gallery-item\" data-lightbox-caption=\"true\" data-columns-xxl=\"3\" data-columns-xl=\"3\" data-columns-md=\"3\" data-columns-sm=\"2\" data-columns-xs=\"1\" data-columns-ss=\"1\"><li class=\"kadence-blocks-gallery-item\" tabindex=\"0\"><div class=\"kadence-blocks-gallery-item-inner\"><figure class=\"kb-gallery-figure kadence-blocks-gallery-item-hide-caption\"><div class=\"kb-gal-image-radius\"><div class=\"kb-gallery-image-contain kadence-blocks-gallery-intrinsic kb-gallery-image-ratio-square kb-has-image-ratio-square\" ><img loading=\"lazy\" decoding=\"async\" src=\"https:\/\/solopub.fr\/wp-content\/uploads\/2026\/02\/IMG-20210626-WA0005.jpg\" width=\"809\" height=\"607\" alt=\"\" data-full-image=\"https:\/\/solopub.fr\/wp-content\/uploads\/2026\/02\/IMG-20210626-WA0005.jpg\" data-light-image=\"https:\/\/solopub.fr\/wp-content\/uploads\/2026\/02\/IMG-20210626-WA0005.jpg\" data-id=\"784\" class=\"wp-image-784\" srcset=\"https:\/\/solopub.fr\/wp-content\/uploads\/2026\/02\/IMG-20210626-WA0005.jpg 809w, https:\/\/solopub.fr\/wp-content\/uploads\/2026\/02\/IMG-20210626-WA0005-300x225.jpg 300w, https:\/\/solopub.fr\/wp-content\/uploads\/2026\/02\/IMG-20210626-WA0005-768x576.jpg 768w\" sizes=\"auto, (max-width: 809px) 100vw, 809px\" \/><\/div><\/div><\/figure><\/div><\/li><li class=\"kadence-blocks-gallery-item\" tabindex=\"0\"><div class=\"kadence-blocks-gallery-item-inner\"><figure class=\"kb-gallery-figure kadence-blocks-gallery-item-hide-caption\"><div class=\"kb-gal-image-radius\"><div class=\"kb-gallery-image-contain kadence-blocks-gallery-intrinsic kb-gallery-image-ratio-square kb-has-image-ratio-square\" ><img loading=\"lazy\" decoding=\"async\" src=\"https:\/\/solopub.fr\/wp-content\/uploads\/2026\/02\/IMG_3115.jpg\" width=\"455\" height=\"607\" alt=\"\" data-full-image=\"https:\/\/solopub.fr\/wp-content\/uploads\/2026\/02\/IMG_3115.jpg\" data-light-image=\"https:\/\/solopub.fr\/wp-content\/uploads\/2026\/02\/IMG_3115.jpg\" data-id=\"1162\" class=\"wp-image-1162\" srcset=\"https:\/\/solopub.fr\/wp-content\/uploads\/2026\/02\/IMG_3115.jpg 455w, https:\/\/solopub.fr\/wp-content\/uploads\/2026\/02\/IMG_3115-225x300.jpg 225w\" sizes=\"auto, (max-width: 455px) 100vw, 455px\" \/><\/div><\/div><\/figure><\/div><\/li><li class=\"kadence-blocks-gallery-item\" tabindex=\"0\"><div class=\"kadence-blocks-gallery-item-inner\"><figure class=\"kb-gallery-figure kadence-blocks-gallery-item-hide-caption\"><div class=\"kb-gal-image-radius\"><div class=\"kb-gallery-image-contain kadence-blocks-gallery-intrinsic kb-gallery-image-ratio-square kb-has-image-ratio-square\" ><img loading=\"lazy\" decoding=\"async\" src=\"https:\/\/solopub.fr\/wp-content\/uploads\/2026\/02\/IMG20220614155311.jpg\" width=\"455\" height=\"607\" alt=\"\" data-full-image=\"https:\/\/solopub.fr\/wp-content\/uploads\/2026\/02\/IMG20220614155311.jpg\" data-light-image=\"https:\/\/solopub.fr\/wp-content\/uploads\/2026\/02\/IMG20220614155311.jpg\" data-id=\"1186\" class=\"wp-image-1186\" srcset=\"https:\/\/solopub.fr\/wp-content\/uploads\/2026\/02\/IMG20220614155311.jpg 455w, https:\/\/solopub.fr\/wp-content\/uploads\/2026\/02\/IMG20220614155311-225x300.jpg 225w\" sizes=\"auto, (max-width: 455px) 100vw, 455px\" \/><\/div><\/div><\/figure><\/div><\/li><li class=\"kadence-blocks-gallery-item\" tabindex=\"0\"><div class=\"kadence-blocks-gallery-item-inner\"><figure class=\"kb-gallery-figure kadence-blocks-gallery-item-hide-caption\"><div class=\"kb-gal-image-radius\"><div class=\"kb-gallery-image-contain kadence-blocks-gallery-intrinsic kb-gallery-image-ratio-square kb-has-image-ratio-square\" ><img loading=\"lazy\" decoding=\"async\" src=\"https:\/\/solopub.fr\/wp-content\/uploads\/2026\/02\/IMG_20200721_134732.jpg\" width=\"809\" height=\"607\" alt=\"\" data-full-image=\"https:\/\/solopub.fr\/wp-content\/uploads\/2026\/02\/IMG_20200721_134732.jpg\" data-light-image=\"https:\/\/solopub.fr\/wp-content\/uploads\/2026\/02\/IMG_20200721_134732.jpg\" data-id=\"1187\" class=\"wp-image-1187\" srcset=\"https:\/\/solopub.fr\/wp-content\/uploads\/2026\/02\/IMG_20200721_134732.jpg 809w, https:\/\/solopub.fr\/wp-content\/uploads\/2026\/02\/IMG_20200721_134732-300x225.jpg 300w, https:\/\/solopub.fr\/wp-content\/uploads\/2026\/02\/IMG_20200721_134732-768x576.jpg 768w\" sizes=\"auto, (max-width: 809px) 100vw, 809px\" \/><\/div><\/div><\/figure><\/div><\/li><\/ul><\/div>","protected":false},"excerpt":{"rendered":"","protected":false},"author":1,"featured_media":0,"parent":0,"menu_order":0,"comment_status":"closed","ping_status":"closed","template":"","meta":{"_eb_attr":"","footnotes":""},"class_list":["post-35","page","type-page","status-publish","hentry"],"_links":{"self":[{"href":"https:\/\/solopub.fr\/index.php\/wp-json\/wp\/v2\/pages\/35","targetHints":{"allow":["GET"]}}],"collection":[{"href":"https:\/\/solopub.fr\/index.php\/wp-json\/wp\/v2\/pages"}],"about":[{"href":"https:\/\/solopub.fr\/index.php\/wp-json\/wp\/v2\/types\/page"}],"author":[{"embeddable":true,"href":"https:\/\/solopub.fr\/index.php\/wp-json\/wp\/v2\/users\/1"}],"replies":[{"embeddable":true,"href":"https:\/\/solopub.fr\/index.php\/wp-json\/wp\/v2\/comments?post=35"}],"version-history":[{"count":12,"href":"https:\/\/solopub.fr\/index.php\/wp-json\/wp\/v2\/pages\/35\/revisions"}],"predecessor-version":[{"id":1188,"href":"https:\/\/solopub.fr\/index.php\/wp-json\/wp\/v2\/pages\/35\/revisions\/1188"}],"wp:attachment":[{"href":"https:\/\/solopub.fr\/index.php\/wp-json\/wp\/v2\/media?parent=35"}],"curies":[{"name":"wp","href":"https:\/\/api.w.org\/{rel}","templated":true}]}}