{"id":37,"date":"2026-01-30T13:46:23","date_gmt":"2026-01-30T13:46:23","guid":{"rendered":"http:\/\/solopub.fr\/?page_id=37"},"modified":"2026-02-24T09:15:46","modified_gmt":"2026-02-24T09:15:46","slug":"decoration-des-facades","status":"publish","type":"page","link":"https:\/\/solopub.fr\/index.php\/decoration-des-facades\/","title":{"rendered":"Decoration des fa\u00e7ades"},"content":{"rendered":"\n<div class=\"wp-block-columns is-layout-flex wp-container-core-columns-is-layout-5c8fb865 wp-block-columns-is-layout-flex\">\n<div class=\"wp-block-column is-vertically-aligned-center is-layout-flow wp-block-column-is-layout-flow\">\n<div class=\"wp-block-essential-blocks-advanced-heading  root-eb-advance-heading-l8jgs\"><div class=\"eb-parent-wrapper eb-parent-eb-advance-heading-l8jgs \"><div class=\"eb-advance-heading-wrapper eb-advance-heading-l8jgs button-1 undefined\" data-id=\"eb-advance-heading-l8jgs\"><h2 class=\"eb-ah-title\"><span class=\"first-title\"><strong><strong>Votre devanture, votre meilleur outil de visibilit\u00e9<\/strong><\/strong><\/span><\/h2><\/div><\/div><\/div>\n<\/div>\n\n\n\n<div class=\"wp-block-column is-style-section-2 is-layout-flow wp-block-column-is-layout-flow is-style-section-2--1\" style=\"flex-basis:1px\"><\/div>\n\n\n\n<div class=\"wp-block-column is-layout-flow wp-block-column-is-layout-flow\">\n<div class=\"wp-block-essential-blocks-text  root-eb-text-mv42t\"><div class=\"eb-parent-wrapper eb-parent-eb-text-mv42t \"><div class=\"eb-text-wrapper eb-text-mv42t\" data-id=\"eb-text-mv42t\"><p class=\"eb-text\">De la conception graphique \u00e0 la <strong>visualisation 2D et 3D<\/strong>, chaque projet est pens\u00e9 pour refl\u00e9ter votre identit\u00e9 et renforcer votre cr\u00e9dibilit\u00e9.<br><br>\u2714 Design personnalis\u00e9 et strat\u00e9gique<br>\u2714 Simulation 3D r\u00e9aliste avant installation<br>\u2714 Enseignes, panneaux, vitrines et habillage complet<br>\u2714 Image professionnelle et m\u00e9morable<br><br><strong>Votre fa\u00e7ade est votre premi\u00e8re publicit\u00e9.<br>Faites-en un v\u00e9ritable levier d\u2019attraction.<\/strong><\/p><\/div><\/div><\/div>\n<\/div>\n<\/div>\n\n\n\n<div class=\"wp-block-essential-blocks-button  root-eb-button-uet69\"><div class=\"eb-parent-wrapper eb-parent-eb-button-uet69 \"><div class=\"eb-button-wrapper eb-button-alignment eb-button-uet69\"><div class=\"eb-button\"><div class=\"eb-button-inner-wrapper \"><a class=\"eb-button-anchor hvr-bounce-to-left  \" href=\"https:\/\/solopub.fr\/index.php\/contactez-nous\/\" rel=\"noopener\"><strong>Donnez du caract\u00e8re \u00e0 votre fa\u00e7ade d\u00e8s aujourd\u2019hui<\/strong><\/a><\/div><\/div><\/div><\/div><\/div>\n\n\n<div class=\"kb-gallery-wrap-id-37_522a31-c8 alignnone wp-block-kadence-advancedgallery\"><ul class=\"kb-gallery-ul kb-gallery-non-static kb-gallery-type-grid kb-gallery-id-37_522a31-c8 kb-gallery-caption-style-bottom-hover kb-gallery-filter-none\" data-image-filter=\"none\" data-item-selector=\".kadence-blocks-gallery-item\" data-lightbox-caption=\"true\" data-columns-xxl=\"3\" data-columns-xl=\"3\" data-columns-md=\"3\" data-columns-sm=\"2\" data-columns-xs=\"2\" data-columns-ss=\"2\"><li class=\"kadence-blocks-gallery-item\" tabindex=\"0\"><div class=\"kadence-blocks-gallery-item-inner\"><figure class=\"kb-gallery-figure kadence-blocks-gallery-item-hide-caption\"><div class=\"kb-gal-image-radius\" style=\"max-width:455px;\"><div class=\"kb-gallery-image-contain kadence-blocks-gallery-intrinsic kb-gallery-image-ratio-inherit kb-has-image-ratio-inherit\" style=\"padding-bottom:133%;\"><img loading=\"lazy\" decoding=\"async\" src=\"https:\/\/solopub.fr\/wp-content\/uploads\/2026\/02\/IMG_4535.jpg\" width=\"455\" height=\"607\" alt=\"\" data-full-image=\"https:\/\/solopub.fr\/wp-content\/uploads\/2026\/02\/IMG_4535.jpg\" data-light-image=\"https:\/\/solopub.fr\/wp-content\/uploads\/2026\/02\/IMG_4535.jpg\" data-id=\"1161\" class=\"wp-image-1161\" srcset=\"https:\/\/solopub.fr\/wp-content\/uploads\/2026\/02\/IMG_4535.jpg 455w, https:\/\/solopub.fr\/wp-content\/uploads\/2026\/02\/IMG_4535-225x300.jpg 225w\" sizes=\"auto, (max-width: 455px) 100vw, 455px\" \/><\/div><\/div><\/figure><\/div><\/li><li class=\"kadence-blocks-gallery-item\" tabindex=\"0\"><div class=\"kadence-blocks-gallery-item-inner\"><figure class=\"kb-gallery-figure kadence-blocks-gallery-item-hide-caption\"><div class=\"kb-gal-image-radius\" style=\"max-width:455px;\"><div class=\"kb-gallery-image-contain kadence-blocks-gallery-intrinsic kb-gallery-image-ratio-inherit kb-has-image-ratio-inherit\" style=\"padding-bottom:133%;\"><img loading=\"lazy\" decoding=\"async\" src=\"https:\/\/solopub.fr\/wp-content\/uploads\/2026\/02\/IMG_6879.jpg\" width=\"455\" height=\"607\" alt=\"\" data-full-image=\"https:\/\/solopub.fr\/wp-content\/uploads\/2026\/02\/IMG_6879.jpg\" data-light-image=\"https:\/\/solopub.fr\/wp-content\/uploads\/2026\/02\/IMG_6879.jpg\" data-id=\"1189\" class=\"wp-image-1189\" srcset=\"https:\/\/solopub.fr\/wp-content\/uploads\/2026\/02\/IMG_6879.jpg 455w, https:\/\/solopub.fr\/wp-content\/uploads\/2026\/02\/IMG_6879-225x300.jpg 225w\" sizes=\"auto, (max-width: 455px) 100vw, 455px\" \/><\/div><\/div><\/figure><\/div><\/li><li class=\"kadence-blocks-gallery-item\" tabindex=\"0\"><div class=\"kadence-blocks-gallery-item-inner\"><figure class=\"kb-gallery-figure kadence-blocks-gallery-item-hide-caption\"><div class=\"kb-gal-image-radius\" style=\"max-width:455px;\"><div class=\"kb-gallery-image-contain kadence-blocks-gallery-intrinsic kb-gallery-image-ratio-inherit kb-has-image-ratio-inherit\" style=\"padding-bottom:133%;\"><img loading=\"lazy\" decoding=\"async\" src=\"https:\/\/solopub.fr\/wp-content\/uploads\/2026\/02\/IMG_2858.jpg\" width=\"455\" height=\"607\" alt=\"\" data-full-image=\"https:\/\/solopub.fr\/wp-content\/uploads\/2026\/02\/IMG_2858.jpg\" data-light-image=\"https:\/\/solopub.fr\/wp-content\/uploads\/2026\/02\/IMG_2858.jpg\" data-id=\"1190\" class=\"wp-image-1190\" srcset=\"https:\/\/solopub.fr\/wp-content\/uploads\/2026\/02\/IMG_2858.jpg 455w, https:\/\/solopub.fr\/wp-content\/uploads\/2026\/02\/IMG_2858-225x300.jpg 225w\" sizes=\"auto, (max-width: 455px) 100vw, 455px\" \/><\/div><\/div><\/figure><\/div><\/li><li class=\"kadence-blocks-gallery-item\" tabindex=\"0\"><div class=\"kadence-blocks-gallery-item-inner\"><figure class=\"kb-gallery-figure kadence-blocks-gallery-item-hide-caption\"><div class=\"kb-gal-image-radius\" style=\"max-width:455px;\"><div class=\"kb-gallery-image-contain kadence-blocks-gallery-intrinsic kb-gallery-image-ratio-inherit kb-has-image-ratio-inherit\" style=\"padding-bottom:133%;\"><img loading=\"lazy\" decoding=\"async\" src=\"https:\/\/solopub.fr\/wp-content\/uploads\/2026\/02\/IMG_2936.jpg\" width=\"455\" height=\"607\" alt=\"\" data-full-image=\"https:\/\/solopub.fr\/wp-content\/uploads\/2026\/02\/IMG_2936.jpg\" data-light-image=\"https:\/\/solopub.fr\/wp-content\/uploads\/2026\/02\/IMG_2936.jpg\" data-id=\"1191\" class=\"wp-image-1191\" srcset=\"https:\/\/solopub.fr\/wp-content\/uploads\/2026\/02\/IMG_2936.jpg 455w, https:\/\/solopub.fr\/wp-content\/uploads\/2026\/02\/IMG_2936-225x300.jpg 225w\" sizes=\"auto, (max-width: 455px) 100vw, 455px\" \/><\/div><\/div><\/figure><\/div><\/li><li class=\"kadence-blocks-gallery-item\" tabindex=\"0\"><div class=\"kadence-blocks-gallery-item-inner\"><figure class=\"kb-gallery-figure kadence-blocks-gallery-item-hide-caption\"><div class=\"kb-gal-image-radius\" style=\"max-width:607px;\"><div class=\"kb-gallery-image-contain kadence-blocks-gallery-intrinsic kb-gallery-image-ratio-inherit kb-has-image-ratio-inherit\" style=\"padding-bottom:100%;\"><img loading=\"lazy\" decoding=\"async\" src=\"https:\/\/solopub.fr\/wp-content\/uploads\/2026\/02\/321845017_876637777027678_4367862285792837474_n-1-1.jpg\" width=\"607\" height=\"607\" alt=\"\" data-full-image=\"https:\/\/solopub.fr\/wp-content\/uploads\/2026\/02\/321845017_876637777027678_4367862285792837474_n-1-1.jpg\" data-light-image=\"https:\/\/solopub.fr\/wp-content\/uploads\/2026\/02\/321845017_876637777027678_4367862285792837474_n-1-1.jpg\" data-id=\"1193\" class=\"wp-image-1193\" srcset=\"https:\/\/solopub.fr\/wp-content\/uploads\/2026\/02\/321845017_876637777027678_4367862285792837474_n-1-1.jpg 607w, https:\/\/solopub.fr\/wp-content\/uploads\/2026\/02\/321845017_876637777027678_4367862285792837474_n-1-1-300x300.jpg 300w, https:\/\/solopub.fr\/wp-content\/uploads\/2026\/02\/321845017_876637777027678_4367862285792837474_n-1-1-150x150.jpg 150w\" sizes=\"auto, (max-width: 607px) 100vw, 607px\" \/><\/div><\/div><\/figure><\/div><\/li><\/ul><\/div>","protected":false},"excerpt":{"rendered":"","protected":false},"author":1,"featured_media":0,"parent":0,"menu_order":0,"comment_status":"closed","ping_status":"closed","template":"","meta":{"_eb_attr":"","footnotes":""},"class_list":["post-37","page","type-page","status-publish","hentry"],"_links":{"self":[{"href":"https:\/\/solopub.fr\/index.php\/wp-json\/wp\/v2\/pages\/37","targetHints":{"allow":["GET"]}}],"collection":[{"href":"https:\/\/solopub.fr\/index.php\/wp-json\/wp\/v2\/pages"}],"about":[{"href":"https:\/\/solopub.fr\/index.php\/wp-json\/wp\/v2\/types\/page"}],"author":[{"embeddable":true,"href":"https:\/\/solopub.fr\/index.php\/wp-json\/wp\/v2\/users\/1"}],"replies":[{"embeddable":true,"href":"https:\/\/solopub.fr\/index.php\/wp-json\/wp\/v2\/comments?post=37"}],"version-history":[{"count":10,"href":"https:\/\/solopub.fr\/index.php\/wp-json\/wp\/v2\/pages\/37\/revisions"}],"predecessor-version":[{"id":1194,"href":"https:\/\/solopub.fr\/index.php\/wp-json\/wp\/v2\/pages\/37\/revisions\/1194"}],"wp:attachment":[{"href":"https:\/\/solopub.fr\/index.php\/wp-json\/wp\/v2\/media?parent=37"}],"curies":[{"name":"wp","href":"https:\/\/api.w.org\/{rel}","templated":true}]}}