{"id":39,"date":"2026-01-30T13:46:47","date_gmt":"2026-01-30T13:46:47","guid":{"rendered":"http:\/\/solopub.fr\/?page_id=39"},"modified":"2026-03-02T11:02:18","modified_gmt":"2026-03-02T11:02:18","slug":"agencement-interieur","status":"publish","type":"page","link":"https:\/\/solopub.fr\/index.php\/agencement-interieur\/","title":{"rendered":"Agencement interieur"},"content":{"rendered":"\n<div class=\"wp-block-columns is-layout-flex wp-container-core-columns-is-layout-28f84493 wp-block-columns-is-layout-flex\">\n<div class=\"wp-block-column is-layout-flow wp-block-column-is-layout-flow\" style=\"flex-basis:10%\"><\/div>\n\n\n\n<div class=\"wp-block-column is-layout-flow wp-block-column-is-layout-flow\" style=\"flex-basis:80%\">\n<figure class=\"wp-block-video\"><\/figure>\n<\/div>\n\n\n\n<div class=\"wp-block-column is-layout-flow wp-block-column-is-layout-flow\" style=\"flex-basis:10%\"><\/div>\n<\/div>\n\n\n\n<div class=\"wp-block-columns is-layout-flex wp-container-core-columns-is-layout-b62a1aeb wp-block-columns-is-layout-flex\" style=\"padding-right:0;padding-left:0\">\n<div class=\"wp-block-column is-vertically-aligned-center is-layout-flow wp-block-column-is-layout-flow\" style=\"flex-basis:500px\">\n<div class=\"wp-block-essential-blocks-advanced-heading  root-eb-advance-heading-tse34\"><div class=\"eb-parent-wrapper eb-parent-eb-advance-heading-tse34 \"><div class=\"eb-advance-heading-wrapper eb-advance-heading-tse34 button-1 undefined\" data-id=\"eb-advance-heading-tse34\"><h2 class=\"eb-ah-title\"><span class=\"first-title\"><strong>Optimisez votre espace, valorisez votre image<\/strong><\/span><\/h2><\/div><\/div><\/div>\n<\/div>\n\n\n\n<div class=\"wp-block-column is-style-section-2 is-layout-flow wp-block-column-is-layout-flow is-style-section-2--1\" style=\"flex-basis:1px\"><\/div>\n\n\n\n<div class=\"wp-block-column is-layout-flow wp-block-column-is-layout-flow\" style=\"padding-right:0;padding-left:0;flex-basis:500px\">\n<div class=\"wp-block-essential-blocks-text  root-eb-text-6sw92\"><div class=\"eb-parent-wrapper eb-parent-eb-text-6sw92 \"><div class=\"eb-text-wrapper eb-text-6sw92\" data-id=\"eb-text-6sw92\"><p class=\"eb-text\">Nous concevons des <strong>am\u00e9nagements int\u00e9rieurs professionnels<\/strong> pens\u00e9s pour allier esth\u00e9tique, fonctionnalit\u00e9 et impact visuel.<br><br>De la conception 2D aux projections 3D r\u00e9alistes, chaque espace est \u00e9tudi\u00e9 pour am\u00e9liorer la circulation, mettre en valeur vos produits et offrir une exp\u00e9rience client moderne.<br>\u2714 Conception sur mesure selon votre activit\u00e9<br>\u2714 Optimisation des espaces commerciaux<br>\u2714 Mobilier et \u00e9l\u00e9ments d\u00e9coratifs personnalis\u00e9s<br>\u2714 Visualisation 3D avant r\u00e9alisation<br><br><strong>Un espace bien agenc\u00e9 influence la perception, renforce la cr\u00e9dibilit\u00e9 et am\u00e9liore l\u2019exp\u00e9rience client.<\/strong><\/p><\/div><\/div><\/div>\n<\/div>\n<\/div>\n\n\n\n<div class=\"wp-block-essential-blocks-button  root-eb-button-v7j8x\"><div class=\"eb-parent-wrapper eb-parent-eb-button-v7j8x \"><div class=\"eb-button-wrapper eb-button-alignment eb-button-v7j8x\"><div class=\"eb-button\"><div class=\"eb-button-inner-wrapper \"><a class=\"eb-button-anchor hvr-sweep-to-left  \" href=\"https:\/\/solopub.fr\/index.php\/contactez-nous\/\" rel=\"noopener\"><strong>Transformez votre int\u00e9rieur aujourd\u2019hui<\/strong><\/a><\/div><\/div><\/div><\/div><\/div>\n\n\n<div class=\"kb-gallery-wrap-id-39_ab2361-a9 alignnone wp-block-kadence-advancedgallery\"><div class=\"kb-gallery-ul kb-gallery-non-static kb-gallery-type-carousel kb-gallery-id-39_ab2361-a9 kb-gallery-caption-style-bottom-hover kb-gallery-filter-none\" data-image-filter=\"none\" data-lightbox-caption=\"true\"><div class=\"kt-blocks-carousel splide kt-carousel-container-dotstyle-dark kt-carousel-arrowstyle-whiteondark kt-carousel-dotstyle-dark kb-slider-group-arrow kb-slider-arrow-position-center\" data-columns-xxl=\"3\" data-columns-xl=\"3\" data-columns-md=\"3\" data-columns-sm=\"2\" data-columns-xs=\"2\" data-columns-ss=\"2\" data-slider-anim-speed=\"400\" data-slider-scroll=\"1\" data-slider-arrows=\"true\" data-slider-dots=\"true\" data-slider-hover-pause=\"false\" data-slider-auto=\"\" data-slider-speed=\"7000\" data-slider-gap=\"10px\" data-slider-gap-tablet=\"10px\" data-slider-gap-mobile=\"10px\" data-show-pause-button=\"false\" data-slider-label=\"Photo Gallery Carousel\"><div class=\"splide__track\"><ul class=\"kt-blocks-carousel-init kb-gallery-carousel splide__list\"><li class=\"kb-slide-item kb-gallery-carousel-item splide__slide\"><div class=\"kadence-blocks-gallery-item\"><div class=\"kadence-blocks-gallery-item-inner\"><figure class=\"kb-gallery-figure kadence-blocks-gallery-item-hide-caption\"><div class=\"kb-gal-image-radius\"><div class=\"kb-gallery-image-contain kadence-blocks-gallery-intrinsic kb-gallery-image-ratio-square kb-has-image-ratio-square\" ><img loading=\"lazy\" decoding=\"async\" src=\"https:\/\/solopub.fr\/wp-content\/uploads\/2026\/02\/iyytfy.jpg\" width=\"809\" height=\"607\" alt=\"\" data-full-image=\"https:\/\/solopub.fr\/wp-content\/uploads\/2026\/02\/iyytfy.jpg\" data-light-image=\"https:\/\/solopub.fr\/wp-content\/uploads\/2026\/02\/iyytfy.jpg\" data-id=\"550\" class=\"wp-image-550 skip-lazy\" srcset=\"https:\/\/solopub.fr\/wp-content\/uploads\/2026\/02\/iyytfy.jpg 809w, https:\/\/solopub.fr\/wp-content\/uploads\/2026\/02\/iyytfy-300x225.jpg 300w, https:\/\/solopub.fr\/wp-content\/uploads\/2026\/02\/iyytfy-768x576.jpg 768w\" sizes=\"auto, (max-width: 809px) 100vw, 809px\" \/><\/div><\/div><\/figure><\/div><\/div><\/li><li class=\"kb-slide-item kb-gallery-carousel-item splide__slide\"><div class=\"kadence-blocks-gallery-item\"><div class=\"kadence-blocks-gallery-item-inner\"><figure class=\"kb-gallery-figure kadence-blocks-gallery-item-hide-caption\"><div class=\"kb-gal-image-radius\"><div class=\"kb-gallery-image-contain kadence-blocks-gallery-intrinsic kb-gallery-image-ratio-square kb-has-image-ratio-square\" ><img loading=\"lazy\" decoding=\"async\" src=\"https:\/\/solopub.fr\/wp-content\/uploads\/2026\/02\/IMG_2574-1.jpg\" width=\"809\" height=\"607\" alt=\"\" data-full-image=\"https:\/\/solopub.fr\/wp-content\/uploads\/2026\/02\/IMG_2574-1.jpg\" data-light-image=\"https:\/\/solopub.fr\/wp-content\/uploads\/2026\/02\/IMG_2574-1.jpg\" data-id=\"549\" class=\"wp-image-549 skip-lazy\" srcset=\"https:\/\/solopub.fr\/wp-content\/uploads\/2026\/02\/IMG_2574-1.jpg 809w, https:\/\/solopub.fr\/wp-content\/uploads\/2026\/02\/IMG_2574-1-300x225.jpg 300w, https:\/\/solopub.fr\/wp-content\/uploads\/2026\/02\/IMG_2574-1-768x576.jpg 768w\" sizes=\"auto, (max-width: 809px) 100vw, 809px\" \/><\/div><\/div><\/figure><\/div><\/div><\/li><\/ul><\/div><\/div><\/div><\/div>","protected":false},"excerpt":{"rendered":"","protected":false},"author":1,"featured_media":0,"parent":0,"menu_order":0,"comment_status":"closed","ping_status":"closed","template":"","meta":{"_eb_attr":"","footnotes":""},"class_list":["post-39","page","type-page","status-publish","hentry"],"_links":{"self":[{"href":"https:\/\/solopub.fr\/index.php\/wp-json\/wp\/v2\/pages\/39","targetHints":{"allow":["GET"]}}],"collection":[{"href":"https:\/\/solopub.fr\/index.php\/wp-json\/wp\/v2\/pages"}],"about":[{"href":"https:\/\/solopub.fr\/index.php\/wp-json\/wp\/v2\/types\/page"}],"author":[{"embeddable":true,"href":"https:\/\/solopub.fr\/index.php\/wp-json\/wp\/v2\/users\/1"}],"replies":[{"embeddable":true,"href":"https:\/\/solopub.fr\/index.php\/wp-json\/wp\/v2\/comments?post=39"}],"version-history":[{"count":13,"href":"https:\/\/solopub.fr\/index.php\/wp-json\/wp\/v2\/pages\/39\/revisions"}],"predecessor-version":[{"id":1284,"href":"https:\/\/solopub.fr\/index.php\/wp-json\/wp\/v2\/pages\/39\/revisions\/1284"}],"wp:attachment":[{"href":"https:\/\/solopub.fr\/index.php\/wp-json\/wp\/v2\/media?parent=39"}],"curies":[{"name":"wp","href":"https:\/\/api.w.org\/{rel}","templated":true}]}}