{"id":395,"date":"2026-02-12T12:03:54","date_gmt":"2026-02-12T12:03:54","guid":{"rendered":"https:\/\/solopub.fr\/?page_id=395"},"modified":"2026-02-19T10:28:50","modified_gmt":"2026-02-19T10:28:50","slug":"stand-sur-mesure","status":"publish","type":"page","link":"https:\/\/solopub.fr\/index.php\/stand-sur-mesure\/","title":{"rendered":"Stand sur mesure"},"content":{"rendered":"\n<div class=\"wp-block-columns is-layout-flex wp-container-core-columns-is-layout-17fc1b09 wp-block-columns-is-layout-flex\">\n<div class=\"wp-block-column is-vertically-aligned-center is-layout-flow wp-block-column-is-layout-flow\" style=\"flex-basis:500px\">\n<div class=\"wp-block-essential-blocks-advanced-heading  root-eb-advance-heading-55ivj\"><div class=\"eb-parent-wrapper eb-parent-eb-advance-heading-55ivj \"><div class=\"eb-advance-heading-wrapper eb-advance-heading-55ivj button-1 undefined\" data-id=\"eb-advance-heading-55ivj\"><h2 class=\"eb-ah-title\"><span class=\"first-title\"><strong>DE L\u2019INSPIRATION<br>ET DU CONCRET !<\/strong><\/span><\/h2><\/div><\/div><\/div>\n<\/div>\n\n\n\n<div class=\"wp-block-column is-layout-flow wp-block-column-is-layout-flow\" style=\"border-width:1px;flex-basis:0.2px\"><\/div>\n\n\n\n<div class=\"wp-block-column is-layout-flow wp-block-column-is-layout-flow\">\n<div class=\"wp-block-essential-blocks-text  root-eb-text-ah124\"><div class=\"eb-parent-wrapper eb-parent-eb-text-ah124 \"><div class=\"eb-text-wrapper eb-text-ah124\" data-id=\"eb-text-ah124\"><p class=\"eb-text\"><strong>Solo Pub<\/strong> vous propose une solution compl\u00e8te de conception, fabrication et installation de stands sur mesure, ainsi que de design d\u2019espace enti\u00e8rement pens\u00e9 pour vous.<br>Notre d\u00e9veloppement repose sur la cr\u00e9ativit\u00e9, l\u2019exigence de qualit\u00e9 et une conviction forte : notre mission ne s\u2019arr\u00eate pas \u00e0 la livraison de votre stand.<br>Nous vous accompagnons \u00e0 chaque \u00e9tape du projet, avec un suivi rigoureux avant, pendant et apr\u00e8s votre \u00e9v\u00e9nement, afin que vous puissiez vous concentrer pleinement sur vos objectifs.<br>Avec <strong>Solo Pub<\/strong>, vous choisissez la s\u00e9r\u00e9nit\u00e9, la proximit\u00e9 et un v\u00e9ritable partenariat.<\/p><\/div><\/div><\/div>\n<\/div>\n<\/div>\n\n\n\n<div class=\"wp-block-essential-blocks-button  root-eb-button-ru5r3\"><div class=\"eb-parent-wrapper eb-parent-eb-button-ru5r3 \"><div class=\"eb-button-wrapper eb-button-alignment eb-button-ru5r3\"><div class=\"eb-button\"><div class=\"eb-button-inner-wrapper \"><a class=\"eb-button-anchor hvr-sweep-to-left  \" href=\"https:\/\/solopub.fr\/index.php\/contactez-nous\/\" rel=\"noopener\">Faites \u00e9voluer votre stand !<\/a><\/div><\/div><\/div><\/div><\/div>\n\n\n","protected":false},"excerpt":{"rendered":"","protected":false},"author":1,"featured_media":0,"parent":0,"menu_order":0,"comment_status":"closed","ping_status":"closed","template":"","meta":{"_eb_attr":"","footnotes":""},"class_list":["post-395","page","type-page","status-publish","hentry"],"_links":{"self":[{"href":"https:\/\/solopub.fr\/index.php\/wp-json\/wp\/v2\/pages\/395","targetHints":{"allow":["GET"]}}],"collection":[{"href":"https:\/\/solopub.fr\/index.php\/wp-json\/wp\/v2\/pages"}],"about":[{"href":"https:\/\/solopub.fr\/index.php\/wp-json\/wp\/v2\/types\/page"}],"author":[{"embeddable":true,"href":"https:\/\/solopub.fr\/index.php\/wp-json\/wp\/v2\/users\/1"}],"replies":[{"embeddable":true,"href":"https:\/\/solopub.fr\/index.php\/wp-json\/wp\/v2\/comments?post=395"}],"version-history":[{"count":10,"href":"https:\/\/solopub.fr\/index.php\/wp-json\/wp\/v2\/pages\/395\/revisions"}],"predecessor-version":[{"id":1146,"href":"https:\/\/solopub.fr\/index.php\/wp-json\/wp\/v2\/pages\/395\/revisions\/1146"}],"wp:attachment":[{"href":"https:\/\/solopub.fr\/index.php\/wp-json\/wp\/v2\/media?parent=395"}],"curies":[{"name":"wp","href":"https:\/\/api.w.org\/{rel}","templated":true}]}}