{"id":399,"date":"2026-02-12T12:05:22","date_gmt":"2026-02-12T12:05:22","guid":{"rendered":"https:\/\/solopub.fr\/?page_id=399"},"modified":"2026-02-19T10:23:03","modified_gmt":"2026-02-19T10:23:03","slug":"stand-modulable","status":"publish","type":"page","link":"https:\/\/solopub.fr\/index.php\/stand-modulable\/","title":{"rendered":"\u00a0Stand modulable"},"content":{"rendered":"\n<div class=\"wp-block-columns is-layout-flex wp-container-core-columns-is-layout-17fc1b09 wp-block-columns-is-layout-flex\">\n<div class=\"wp-block-column is-vertically-aligned-center is-layout-flow wp-block-column-is-layout-flow\" style=\"flex-basis:500px\">\n<div class=\"wp-block-essential-blocks-advanced-heading  root-eb-advance-heading-e7hp5\"><div class=\"eb-parent-wrapper eb-parent-eb-advance-heading-e7hp5 \"><div class=\"eb-advance-heading-wrapper eb-advance-heading-e7hp5 button-1 undefined\" data-id=\"eb-advance-heading-e7hp5\"><h2 class=\"eb-ah-title\"><span class=\"first-title\"><strong>L\u2019EXPERTISE STAND 100% MODULABLE ET ITINERANT !<\/strong><\/span><\/h2><\/div><\/div><\/div>\n<\/div>\n\n\n\n<div class=\"wp-block-column is-style-section-2 is-layout-flow wp-block-column-is-layout-flow is-style-section-2--1\" style=\"flex-basis:1px\"><\/div>\n\n\n\n<div class=\"wp-block-column is-layout-flow wp-block-column-is-layout-flow\">\n<div class=\"wp-block-essential-blocks-text  root-eb-text-pkmsf\"><div class=\"eb-parent-wrapper eb-parent-eb-text-pkmsf \"><div class=\"eb-text-wrapper eb-text-pkmsf\" data-id=\"eb-text-pkmsf\"><p class=\"eb-text\"><strong>D\u00e9marquez-vous lors de vos expositions gr\u00e2ce \u00e0 nos syst\u00e8mes \u00e9cologiques, modulables et innovants.<\/strong><br>Sp\u00e9cialiste de la conception et de l\u2019installation de stands modulables et structures sur mesure, <strong>EVOLUSTAND<\/strong> vous propose des solutions qui s\u2019adaptent \u00e0 vos besoins et \u00e9voluent avec vos ambitions, tout en garantissant une qualit\u00e9 irr\u00e9prochable.<br>Notre \u00e9quipe d\u2019experts vous accompagne \u00e0 chaque \u00e9tape : de la conception \u00e0 la r\u00e9alisation finale. Chaque projet est \u00e9tudi\u00e9 avec pr\u00e9cision afin de vous offrir un stand unique, performant et parfaitement align\u00e9 avec votre image.<\/p><\/div><\/div><\/div>\n<\/div>\n<\/div>\n\n\n\n<div class=\"wp-block-essential-blocks-button  root-eb-button-9zbmr\"><div class=\"eb-parent-wrapper eb-parent-eb-button-9zbmr \"><div class=\"eb-button-wrapper eb-button-alignment eb-button-9zbmr\"><div class=\"eb-button\"><div class=\"eb-button-inner-wrapper \"><a class=\"eb-button-anchor hvr-sweep-to-left  \" href=\"https:\/\/solopub.fr\/index.php\/contactez-nous\/\" rel=\"noopener\">Faites \u00e9voluer votre stand !<\/a><\/div><\/div><\/div><\/div><\/div>\n\n\n","protected":false},"excerpt":{"rendered":"","protected":false},"author":1,"featured_media":0,"parent":0,"menu_order":0,"comment_status":"closed","ping_status":"closed","template":"","meta":{"_eb_attr":"","footnotes":""},"class_list":["post-399","page","type-page","status-publish","hentry"],"_links":{"self":[{"href":"https:\/\/solopub.fr\/index.php\/wp-json\/wp\/v2\/pages\/399","targetHints":{"allow":["GET"]}}],"collection":[{"href":"https:\/\/solopub.fr\/index.php\/wp-json\/wp\/v2\/pages"}],"about":[{"href":"https:\/\/solopub.fr\/index.php\/wp-json\/wp\/v2\/types\/page"}],"author":[{"embeddable":true,"href":"https:\/\/solopub.fr\/index.php\/wp-json\/wp\/v2\/users\/1"}],"replies":[{"embeddable":true,"href":"https:\/\/solopub.fr\/index.php\/wp-json\/wp\/v2\/comments?post=399"}],"version-history":[{"count":12,"href":"https:\/\/solopub.fr\/index.php\/wp-json\/wp\/v2\/pages\/399\/revisions"}],"predecessor-version":[{"id":919,"href":"https:\/\/solopub.fr\/index.php\/wp-json\/wp\/v2\/pages\/399\/revisions\/919"}],"wp:attachment":[{"href":"https:\/\/solopub.fr\/index.php\/wp-json\/wp\/v2\/media?parent=399"}],"curies":[{"name":"wp","href":"https:\/\/api.w.org\/{rel}","templated":true}]}}