{"id":88,"date":"2026-02-02T14:14:38","date_gmt":"2026-02-02T14:14:38","guid":{"rendered":"http:\/\/solopub.fr\/?page_id=88"},"modified":"2026-02-24T09:53:18","modified_gmt":"2026-02-24T09:53:18","slug":"creation-graphique-charte-2d-3d","status":"publish","type":"page","link":"https:\/\/solopub.fr\/index.php\/creation-graphique-charte-2d-3d\/","title":{"rendered":"Cr\u00e9ation graphique : charte, 2D &#038; 3D"},"content":{"rendered":"\n<div class=\"wp-block-columns is-layout-flex wp-container-core-columns-is-layout-ac20312a wp-block-columns-is-layout-flex\" style=\"margin-top:var(--wp--preset--spacing--10);margin-bottom:var(--wp--preset--spacing--10)\">\n<div class=\"wp-block-column is-vertically-aligned-center is-layout-flow wp-block-column-is-layout-flow\">\n<div class=\"wp-block-essential-blocks-advanced-heading  root-eb-advance-heading-7z2ys\"><div class=\"eb-parent-wrapper eb-parent-eb-advance-heading-7z2ys \"><div class=\"eb-advance-heading-wrapper eb-advance-heading-7z2ys button-1 undefined\" data-id=\"eb-advance-heading-7z2ys\"><h2 class=\"eb-ah-title\"><span class=\"first-title\"><strong>Donnez une identit\u00e9 forte \u00e0 votre marque<\/strong><\/span><\/h2><\/div><\/div><\/div>\n<\/div>\n\n\n\n<div class=\"wp-block-column is-style-section-2 is-layout-flow wp-block-column-is-layout-flow is-style-section-2--1\" style=\"flex-basis:1px\"><\/div>\n\n\n\n<div class=\"wp-block-column is-layout-flow wp-block-column-is-layout-flow\">\n<div class=\"wp-block-essential-blocks-text  root-eb-text-tyejd\"><div class=\"eb-parent-wrapper eb-parent-eb-text-tyejd \"><div class=\"eb-text-wrapper eb-text-tyejd\" data-id=\"eb-text-tyejd\"><p class=\"eb-text\">De la cr\u00e9ation de logo \u00e0 l\u2019identit\u00e9 visuelle globale (couleurs, typographies, d\u00e9clinaisons), jusqu\u2019aux mod\u00e9lisations 3D r\u00e9alistes pour enseignes, fa\u00e7ades ou supports digitaux \u2014 chaque projet est pens\u00e9 de mani\u00e8re strat\u00e9gique et professionnelle.<br><br><strong>Notre approche :<br><\/strong>\u2714 Identit\u00e9 claire et coh\u00e9rente<br>\u2714 Design moderne et impactant<br>\u2714 Visualisation r\u00e9aliste avant production<br>\u2714 Image premium et cr\u00e9dible<\/p><\/div><\/div><\/div>\n<\/div>\n<\/div>\n\n\n\n<div class=\"wp-block-columns is-layout-flex wp-container-core-columns-is-layout-28f84493 wp-block-columns-is-layout-flex\">\n<div class=\"wp-block-column is-layout-flow wp-block-column-is-layout-flow\"><\/div>\n\n\n\n<div class=\"wp-block-column is-layout-flow wp-block-column-is-layout-flow\">\n<div class=\"wp-block-essential-blocks-button  root-eb-button-o590a\"><div class=\"eb-parent-wrapper eb-parent-eb-button-o590a \"><div class=\"eb-button-wrapper eb-button-alignment eb-button-o590a\"><div class=\"eb-button\"><div class=\"eb-button-inner-wrapper \"><a class=\"eb-button-anchor hvr-bounce-to-left  \" href=\"https:\/\/solopub.fr\/index.php\/contactez-nous\/\" rel=\"noopener\"><strong>Contactez-Nous<\/strong><\/a><\/div><\/div><\/div><\/div><\/div>\n<\/div>\n\n\n\n<div class=\"wp-block-column is-layout-flow wp-block-column-is-layout-flow\"><\/div>\n<\/div>\n\n\n<div class=\"kb-gallery-wrap-id-88_b7000f-34 alignnone wp-block-kadence-advancedgallery\"><ul class=\"kb-gallery-ul kb-gallery-non-static kb-gallery-type-grid kb-gallery-id-88_b7000f-34 kb-gallery-caption-style-bottom-hover kb-gallery-filter-none\" data-image-filter=\"none\" data-item-selector=\".kadence-blocks-gallery-item\" data-lightbox-caption=\"true\" data-columns-xxl=\"3\" data-columns-xl=\"3\" data-columns-md=\"3\" data-columns-sm=\"2\" data-columns-xs=\"1\" data-columns-ss=\"1\"><li class=\"kadence-blocks-gallery-item\" tabindex=\"0\"><div class=\"kadence-blocks-gallery-item-inner\"><figure class=\"kb-gallery-figure kadence-blocks-gallery-item-hide-caption\"><div class=\"kb-gal-image-radius\"><div class=\"kb-gallery-image-contain kadence-blocks-gallery-intrinsic kb-gallery-image-ratio-square kb-has-image-ratio-square\" ><img loading=\"lazy\" decoding=\"async\" src=\"https:\/\/solopub.fr\/wp-content\/uploads\/2026\/02\/IMG_4953.jpg\" width=\"452\" height=\"607\" alt=\"\" data-full-image=\"https:\/\/solopub.fr\/wp-content\/uploads\/2026\/02\/IMG_4953.jpg\" data-light-image=\"https:\/\/solopub.fr\/wp-content\/uploads\/2026\/02\/IMG_4953.jpg\" data-id=\"562\" class=\"wp-image-562\" srcset=\"https:\/\/solopub.fr\/wp-content\/uploads\/2026\/02\/IMG_4953.jpg 452w, https:\/\/solopub.fr\/wp-content\/uploads\/2026\/02\/IMG_4953-223x300.jpg 223w\" sizes=\"auto, (max-width: 452px) 100vw, 452px\" \/><\/div><\/div><\/figure><\/div><\/li><li class=\"kadence-blocks-gallery-item\" tabindex=\"0\"><div class=\"kadence-blocks-gallery-item-inner\"><figure class=\"kb-gallery-figure kadence-blocks-gallery-item-hide-caption\"><div class=\"kb-gal-image-radius\"><div class=\"kb-gallery-image-contain kadence-blocks-gallery-intrinsic kb-gallery-image-ratio-square kb-has-image-ratio-square\" ><img loading=\"lazy\" decoding=\"async\" src=\"https:\/\/solopub.fr\/wp-content\/uploads\/2026\/02\/IMG_0987.jpg\" width=\"809\" height=\"607\" alt=\"\" data-full-image=\"https:\/\/solopub.fr\/wp-content\/uploads\/2026\/02\/IMG_0987.jpg\" data-light-image=\"https:\/\/solopub.fr\/wp-content\/uploads\/2026\/02\/IMG_0987.jpg\" data-id=\"559\" class=\"wp-image-559\" srcset=\"https:\/\/solopub.fr\/wp-content\/uploads\/2026\/02\/IMG_0987.jpg 809w, https:\/\/solopub.fr\/wp-content\/uploads\/2026\/02\/IMG_0987-300x225.jpg 300w, https:\/\/solopub.fr\/wp-content\/uploads\/2026\/02\/IMG_0987-768x576.jpg 768w\" sizes=\"auto, (max-width: 809px) 100vw, 809px\" \/><\/div><\/div><\/figure><\/div><\/li><li class=\"kadence-blocks-gallery-item\" tabindex=\"0\"><div class=\"kadence-blocks-gallery-item-inner\"><figure class=\"kb-gallery-figure kadence-blocks-gallery-item-hide-caption\"><div class=\"kb-gal-image-radius\"><div class=\"kb-gallery-image-contain kadence-blocks-gallery-intrinsic kb-gallery-image-ratio-square kb-has-image-ratio-square\" ><img loading=\"lazy\" decoding=\"async\" src=\"https:\/\/solopub.fr\/wp-content\/uploads\/2026\/02\/321845017_876637777027678_4367862285792837474_n-1.jpg\" width=\"607\" height=\"607\" alt=\"\" data-full-image=\"https:\/\/solopub.fr\/wp-content\/uploads\/2026\/02\/321845017_876637777027678_4367862285792837474_n-1.jpg\" data-light-image=\"https:\/\/solopub.fr\/wp-content\/uploads\/2026\/02\/321845017_876637777027678_4367862285792837474_n-1.jpg\" data-id=\"1179\" class=\"wp-image-1179\" srcset=\"https:\/\/solopub.fr\/wp-content\/uploads\/2026\/02\/321845017_876637777027678_4367862285792837474_n-1.jpg 607w, https:\/\/solopub.fr\/wp-content\/uploads\/2026\/02\/321845017_876637777027678_4367862285792837474_n-1-300x300.jpg 300w, https:\/\/solopub.fr\/wp-content\/uploads\/2026\/02\/321845017_876637777027678_4367862285792837474_n-1-150x150.jpg 150w\" sizes=\"auto, (max-width: 607px) 100vw, 607px\" \/><\/div><\/div><\/figure><\/div><\/li><li class=\"kadence-blocks-gallery-item\" tabindex=\"0\"><div class=\"kadence-blocks-gallery-item-inner\"><figure class=\"kb-gallery-figure kadence-blocks-gallery-item-hide-caption\"><div class=\"kb-gal-image-radius\"><div class=\"kb-gallery-image-contain kadence-blocks-gallery-intrinsic kb-gallery-image-ratio-square kb-has-image-ratio-square\" ><img loading=\"lazy\" decoding=\"async\" src=\"https:\/\/solopub.fr\/wp-content\/uploads\/2026\/02\/iyytfy.jpg\" width=\"809\" height=\"607\" alt=\"\" data-full-image=\"https:\/\/solopub.fr\/wp-content\/uploads\/2026\/02\/iyytfy.jpg\" data-light-image=\"https:\/\/solopub.fr\/wp-content\/uploads\/2026\/02\/iyytfy.jpg\" data-id=\"550\" class=\"wp-image-550\" srcset=\"https:\/\/solopub.fr\/wp-content\/uploads\/2026\/02\/iyytfy.jpg 809w, https:\/\/solopub.fr\/wp-content\/uploads\/2026\/02\/iyytfy-300x225.jpg 300w, https:\/\/solopub.fr\/wp-content\/uploads\/2026\/02\/iyytfy-768x576.jpg 768w\" sizes=\"auto, (max-width: 809px) 100vw, 809px\" \/><\/div><\/div><\/figure><\/div><\/li><li class=\"kadence-blocks-gallery-item\" tabindex=\"0\"><div class=\"kadence-blocks-gallery-item-inner\"><figure class=\"kb-gallery-figure kadence-blocks-gallery-item-hide-caption\"><div class=\"kb-gal-image-radius\"><div class=\"kb-gallery-image-contain kadence-blocks-gallery-intrinsic kb-gallery-image-ratio-square kb-has-image-ratio-square\" ><img loading=\"lazy\" decoding=\"async\" src=\"https:\/\/solopub.fr\/wp-content\/uploads\/2026\/02\/IMG_5196-1024x520.jpg\" width=\"1024\" height=\"520\" alt=\"\" data-full-image=\"https:\/\/solopub.fr\/wp-content\/uploads\/2026\/02\/IMG_5196.jpg\" data-light-image=\"https:\/\/solopub.fr\/wp-content\/uploads\/2026\/02\/IMG_5196.jpg\" data-id=\"544\" class=\"wp-image-544\" srcset=\"https:\/\/solopub.fr\/wp-content\/uploads\/2026\/02\/IMG_5196-1024x520.jpg 1024w, https:\/\/solopub.fr\/wp-content\/uploads\/2026\/02\/IMG_5196-300x152.jpg 300w, https:\/\/solopub.fr\/wp-content\/uploads\/2026\/02\/IMG_5196-768x390.jpg 768w, https:\/\/solopub.fr\/wp-content\/uploads\/2026\/02\/IMG_5196.jpg 1196w\" sizes=\"auto, (max-width: 1024px) 100vw, 1024px\" \/><\/div><\/div><\/figure><\/div><\/li><li class=\"kadence-blocks-gallery-item\" tabindex=\"0\"><div class=\"kadence-blocks-gallery-item-inner\"><figure class=\"kb-gallery-figure kadence-blocks-gallery-item-hide-caption\"><div class=\"kb-gal-image-radius\"><div class=\"kb-gallery-image-contain kadence-blocks-gallery-intrinsic kb-gallery-image-ratio-square kb-has-image-ratio-square\" ><img loading=\"lazy\" decoding=\"async\" src=\"https:\/\/solopub.fr\/wp-content\/uploads\/2026\/02\/IMG_3414.jpg\" width=\"455\" height=\"607\" alt=\"\" data-full-image=\"https:\/\/solopub.fr\/wp-content\/uploads\/2026\/02\/IMG_3414.jpg\" data-light-image=\"https:\/\/solopub.fr\/wp-content\/uploads\/2026\/02\/IMG_3414.jpg\" data-id=\"700\" class=\"wp-image-700\" srcset=\"https:\/\/solopub.fr\/wp-content\/uploads\/2026\/02\/IMG_3414.jpg 455w, https:\/\/solopub.fr\/wp-content\/uploads\/2026\/02\/IMG_3414-225x300.jpg 225w\" sizes=\"auto, (max-width: 455px) 100vw, 455px\" \/><\/div><\/div><\/figure><\/div><\/li><li class=\"kadence-blocks-gallery-item\" tabindex=\"0\"><div class=\"kadence-blocks-gallery-item-inner\"><figure class=\"kb-gallery-figure kadence-blocks-gallery-item-hide-caption\"><div class=\"kb-gal-image-radius\"><div class=\"kb-gallery-image-contain kadence-blocks-gallery-intrinsic kb-gallery-image-ratio-square kb-has-image-ratio-square\" ><img loading=\"lazy\" decoding=\"async\" src=\"https:\/\/solopub.fr\/wp-content\/uploads\/2026\/02\/IMG-20210623-WA0022.jpg\" width=\"455\" height=\"607\" alt=\"\" data-full-image=\"https:\/\/solopub.fr\/wp-content\/uploads\/2026\/02\/IMG-20210623-WA0022.jpg\" data-light-image=\"https:\/\/solopub.fr\/wp-content\/uploads\/2026\/02\/IMG-20210623-WA0022.jpg\" data-id=\"1176\" class=\"wp-image-1176\" srcset=\"https:\/\/solopub.fr\/wp-content\/uploads\/2026\/02\/IMG-20210623-WA0022.jpg 455w, https:\/\/solopub.fr\/wp-content\/uploads\/2026\/02\/IMG-20210623-WA0022-225x300.jpg 225w\" sizes=\"auto, (max-width: 455px) 100vw, 455px\" \/><\/div><\/div><\/figure><\/div><\/li><li class=\"kadence-blocks-gallery-item\" tabindex=\"0\"><div class=\"kadence-blocks-gallery-item-inner\"><figure class=\"kb-gallery-figure kadence-blocks-gallery-item-hide-caption\"><div class=\"kb-gal-image-radius\"><div class=\"kb-gallery-image-contain kadence-blocks-gallery-intrinsic kb-gallery-image-ratio-square kb-has-image-ratio-square\" ><img loading=\"lazy\" decoding=\"async\" src=\"https:\/\/solopub.fr\/wp-content\/uploads\/2026\/02\/tyyiyu.jpg\" width=\"455\" height=\"607\" alt=\"\" data-full-image=\"https:\/\/solopub.fr\/wp-content\/uploads\/2026\/02\/tyyiyu.jpg\" data-light-image=\"https:\/\/solopub.fr\/wp-content\/uploads\/2026\/02\/tyyiyu.jpg\" data-id=\"1177\" class=\"wp-image-1177\" srcset=\"https:\/\/solopub.fr\/wp-content\/uploads\/2026\/02\/tyyiyu.jpg 455w, https:\/\/solopub.fr\/wp-content\/uploads\/2026\/02\/tyyiyu-225x300.jpg 225w\" sizes=\"auto, (max-width: 455px) 100vw, 455px\" \/><\/div><\/div><\/figure><\/div><\/li><\/ul><\/div>","protected":false},"excerpt":{"rendered":"","protected":false},"author":1,"featured_media":0,"parent":0,"menu_order":0,"comment_status":"closed","ping_status":"closed","template":"","meta":{"_eb_attr":"","footnotes":""},"class_list":["post-88","page","type-page","status-publish","hentry"],"_links":{"self":[{"href":"https:\/\/solopub.fr\/index.php\/wp-json\/wp\/v2\/pages\/88","targetHints":{"allow":["GET"]}}],"collection":[{"href":"https:\/\/solopub.fr\/index.php\/wp-json\/wp\/v2\/pages"}],"about":[{"href":"https:\/\/solopub.fr\/index.php\/wp-json\/wp\/v2\/types\/page"}],"author":[{"embeddable":true,"href":"https:\/\/solopub.fr\/index.php\/wp-json\/wp\/v2\/users\/1"}],"replies":[{"embeddable":true,"href":"https:\/\/solopub.fr\/index.php\/wp-json\/wp\/v2\/comments?post=88"}],"version-history":[{"count":17,"href":"https:\/\/solopub.fr\/index.php\/wp-json\/wp\/v2\/pages\/88\/revisions"}],"predecessor-version":[{"id":1206,"href":"https:\/\/solopub.fr\/index.php\/wp-json\/wp\/v2\/pages\/88\/revisions\/1206"}],"wp:attachment":[{"href":"https:\/\/solopub.fr\/index.php\/wp-json\/wp\/v2\/media?parent=88"}],"curies":[{"name":"wp","href":"https:\/\/api.w.org\/{rel}","templated":true}]}}