{"id":90,"date":"2026-02-02T14:15:07","date_gmt":"2026-02-02T14:15:07","guid":{"rendered":"http:\/\/solopub.fr\/?page_id=90"},"modified":"2026-02-20T09:46:02","modified_gmt":"2026-02-20T09:46:02","slug":"nettoyage-et-reparation","status":"publish","type":"page","link":"https:\/\/solopub.fr\/index.php\/nettoyage-et-reparation\/","title":{"rendered":"Nettoyage et r\u00e9paration"},"content":{"rendered":"\n<div class=\"wp-block-columns is-layout-flex wp-container-core-columns-is-layout-28f84493 wp-block-columns-is-layout-flex\">\n<div class=\"wp-block-column is-layout-flow wp-block-column-is-layout-flow\" style=\"flex-basis:60%\">\n<div class=\"wp-block-group is-style-default is-layout-flow wp-container-core-group-is-layout-b7318a45 wp-block-group-is-layout-flow\" style=\"margin-top:0;margin-bottom:0;padding-top:0;padding-right:0;padding-bottom:0;padding-left:0\">\n<figure class=\"wp-block-video\"><video height=\"480\" style=\"aspect-ratio: 800 \/ 480;\" width=\"800\" autoplay loop muted src=\"https:\/\/solopub.fr\/wp-content\/uploads\/2026\/02\/WhatsApp-Video-2026-02-12-at-1.10.31-PM.mp4\" playsinline><\/video><\/figure>\n<\/div>\n<\/div>\n\n\n\n<div class=\"wp-block-column is-style-section-2 is-layout-flow wp-block-column-is-layout-flow is-style-section-2--1\" style=\"flex-basis:1px\"><\/div>\n\n\n\n<div class=\"wp-block-column is-vertically-aligned-top is-layout-flow wp-block-column-is-layout-flow\" style=\"padding-right:var(--wp--preset--spacing--10);padding-left:var(--wp--preset--spacing--10);flex-basis:40%\">\n<div class=\"wp-block-essential-blocks-advanced-heading  root-eb-advance-heading-39mbk\"><div class=\"eb-parent-wrapper eb-parent-eb-advance-heading-39mbk eb_animation eb___animated eb___fadeInUp\"><div class=\"eb-advance-heading-wrapper eb-advance-heading-39mbk button-1 undefined\" data-id=\"eb-advance-heading-39mbk\"><h2 class=\"eb-ah-title\"><span class=\"first-title\">Nettoyage<br>Reparation<br>Relooking<\/span><\/h2><\/div><\/div><\/div>\n\n\n\n<p class=\"has-text-align-left\">Avec le temps, les enseignes perdent en visibilit\u00e9 : poussi\u00e8re, d\u00e9coloration, \u00e9clairage d\u00e9fectueux  ou \u00e9l\u00e9ments endommag\u00e9s.<br>Nous intervenons pour :<br><br>\u2714 Nettoyage professionnel en profondeur<br>\u2714 R\u00e9paration des structures et fixations<br>\u2714 Remplacement LED et syst\u00e8mes lumineux<br>\u2714 R\u00e9novation partielle ou compl\u00e8te<\/p>\n<\/div>\n<\/div>\n\n\n\n<hr class=\"wp-block-separator has-alpha-channel-opacity is-style-wide\"\/>\n\n\n\n<div class=\"wp-block-essential-blocks-advanced-heading  root-eb-advance-heading-teitk\"><div class=\"eb-parent-wrapper eb-parent-eb-advance-heading-teitk \"><div class=\"eb-advance-heading-wrapper eb-advance-heading-teitk button-1 undefined\" data-id=\"eb-advance-heading-teitk\"><h2 class=\"eb-ah-title\"><span class=\"first-title\"><strong>Une enseigne propre et fonctionnelle renforce imm\u00e9diatement la cr\u00e9dibilit\u00e9 de votre commerce et am\u00e9liore votre visibilit\u00e9, de jour comme de nuit.<\/strong><\/span><\/h2><\/div><\/div><\/div>\n\n\n\n<div class=\"wp-block-essential-blocks-button  root-eb-button-h2d56\"><div class=\"eb-parent-wrapper eb-parent-eb-button-h2d56 \"><div class=\"eb-button-wrapper eb-button-alignment eb-button-h2d56\"><div class=\"eb-button\"><div class=\"eb-button-inner-wrapper \"><a class=\"eb-button-anchor hvr-sweep-to-right  \" href=\"https:\/\/solopub.fr\/index.php\/contactez-nous\/\" rel=\"noopener\"><strong>Contactez-nous pour un diagnostic rapide<\/strong><\/a><\/div><\/div><\/div><\/div><\/div>\n\n\n","protected":false},"excerpt":{"rendered":"<p>Avec le temps, les enseignes perdent en visibilit\u00e9 : poussi\u00e8re, d\u00e9coloration, \u00e9clairage d\u00e9fectueux ou \u00e9l\u00e9ments endommag\u00e9s.Nous intervenons pour : \u2714 Nettoyage professionnel en profondeur\u2714 R\u00e9paration des structures et fixations\u2714 Remplacement LED et syst\u00e8mes lumineux\u2714 R\u00e9novation partielle ou compl\u00e8te<\/p>\n","protected":false},"author":1,"featured_media":0,"parent":0,"menu_order":0,"comment_status":"closed","ping_status":"closed","template":"","meta":{"_eb_attr":"","footnotes":""},"class_list":["post-90","page","type-page","status-publish","hentry"],"_links":{"self":[{"href":"https:\/\/solopub.fr\/index.php\/wp-json\/wp\/v2\/pages\/90","targetHints":{"allow":["GET"]}}],"collection":[{"href":"https:\/\/solopub.fr\/index.php\/wp-json\/wp\/v2\/pages"}],"about":[{"href":"https:\/\/solopub.fr\/index.php\/wp-json\/wp\/v2\/types\/page"}],"author":[{"embeddable":true,"href":"https:\/\/solopub.fr\/index.php\/wp-json\/wp\/v2\/users\/1"}],"replies":[{"embeddable":true,"href":"https:\/\/solopub.fr\/index.php\/wp-json\/wp\/v2\/comments?post=90"}],"version-history":[{"count":58,"href":"https:\/\/solopub.fr\/index.php\/wp-json\/wp\/v2\/pages\/90\/revisions"}],"predecessor-version":[{"id":1052,"href":"https:\/\/solopub.fr\/index.php\/wp-json\/wp\/v2\/pages\/90\/revisions\/1052"}],"wp:attachment":[{"href":"https:\/\/solopub.fr\/index.php\/wp-json\/wp\/v2\/media?parent=90"}],"curies":[{"name":"wp","href":"https:\/\/api.w.org\/{rel}","templated":true}]}}